{"id":2423,"date":"2014-09-16T08:57:58","date_gmt":"2014-09-16T08:57:58","guid":{"rendered":"https:\/\/thelatinacenter.org\/graduados\/"},"modified":"2014-09-16T08:57:58","modified_gmt":"2014-09-16T08:57:58","slug":"graduados","status":"publish","type":"page","link":"https:\/\/thelatinacenter.org\/es\/graduados\/","title":{"rendered":"Graduados"},"content":{"rendered":"<p>A trav\u00e9s de La Comunidad Latina de Alumnas Graduadas (CLAG), participar\u00e1s en un c\u00edrculo de aprendizaje especial exclusivamente para Alumnas Graduadas, dise\u00f1ado para promover el avance de tu liderazgo. Ayudar\u00e1s a identificar prioridades para las iniciativas de las alumnas, adem\u00e1s, como Alumna graduada de CLAG, proveer\u00e1s un modelo de apoyo y \u00e1nimo para las l\u00edderes actuales del programa Mujeres, Salud y Liderazgo.<\/p>\n<p style=\"text-align:center;\"><strong> <\/strong><\/p>\n","protected":false},"excerpt":{"rendered":"<p>A trav\u00e9s de La Comunidad Latina de Alumnas Graduadas (CLAG), participar\u00e1s en un c\u00edrculo de aprendizaje especial exclusivamente para Alumnas Graduadas, dise\u00f1ado para promover el avance de tu liderazgo. Ayudar\u00e1s [&hellip;]<\/p>\n","protected":false},"author":1,"featured_media":0,"parent":0,"menu_order":0,"comment_status":"open","ping_status":"open","template":"","meta":{"_et_pb_use_builder":"","_et_pb_old_content":"","_et_gb_content_width":"","_themeisle_gutenberg_block_has_review":false,"footnotes":""},"class_list":["post-2423","page","type-page","status-publish","hentry"],"_links":{"self":[{"href":"https:\/\/thelatinacenter.org\/es\/wp-json\/wp\/v2\/pages\/2423","targetHints":{"allow":["GET"]}}],"collection":[{"href":"https:\/\/thelatinacenter.org\/es\/wp-json\/wp\/v2\/pages"}],"about":[{"href":"https:\/\/thelatinacenter.org\/es\/wp-json\/wp\/v2\/types\/page"}],"author":[{"embeddable":true,"href":"https:\/\/thelatinacenter.org\/es\/wp-json\/wp\/v2\/users\/1"}],"replies":[{"embeddable":true,"href":"https:\/\/thelatinacenter.org\/es\/wp-json\/wp\/v2\/comments?post=2423"}],"version-history":[{"count":0,"href":"https:\/\/thelatinacenter.org\/es\/wp-json\/wp\/v2\/pages\/2423\/revisions"}],"wp:attachment":[{"href":"https:\/\/thelatinacenter.org\/es\/wp-json\/wp\/v2\/media?parent=2423"}],"curies":[{"name":"wp","href":"https:\/\/api.w.org\/{rel}","templated":true}]}}