{"id":2430,"date":"2015-02-25T19:10:37","date_gmt":"2015-02-25T19:10:37","guid":{"rendered":"https:\/\/thelatinacenter.org\/jovenes-latinas-futuras-lideres-un-programa-de-liderazgo-y-tutoria-para-adolescentes-latinas\/"},"modified":"2015-02-25T19:10:37","modified_gmt":"2015-02-25T19:10:37","slug":"jovenes-latinas-futuras-lideres-un-programa-de-liderazgo-y-tutoria-para-adolescentes-latinas","status":"publish","type":"page","link":"https:\/\/thelatinacenter.org\/es\/jovenes-latinas-futuras-lideres-un-programa-de-liderazgo-y-tutoria-para-adolescentes-latinas\/","title":{"rendered":"J\u00f3venes latinas, futuras l\u00edderes, un programa de liderazgo y tutor\u00eda para adolescentes latinas"},"content":{"rendered":"<p>Una adaptaci\u00f3n juvenil de MSL, J\u00f3venes Latinas, Futuras L\u00edderes, se dise\u00f1\u00f3 para aumentar la autoestima y la confianza en s\u00ed mismas entre las j\u00f3venes latinas, al tiempo que se desarrollaba el liderazgo, aumentaba la autoestima, se fortificaba la identidad cultural, se armonizaban y reforzaban los lazos familiares, se fomentaba la responsabilidad y se ofrec\u00edan oportunidades de servicio y realizaci\u00f3n.<\/p>\n<p>Complementado con formaci\u00f3n en habilidades para la vida, J\u00f3venes Latinas, Futuras L\u00edderes ofrece a las j\u00f3venes latinas apoyo, informaci\u00f3n y habilidades para tomar decisiones sobre c\u00f3mo estar sanas y tener \u00e9xito en la escuela, entre sus iguales y en casa. J\u00f3venes Latinas, Futuras L\u00edderes tambi\u00e9n proporciona modelos positivos y tutor\u00eda culturalmente espec\u00edfica en un entorno de confianza para ense\u00f1ar comunicaci\u00f3n, resoluci\u00f3n de conflictos, control de la ira, fijaci\u00f3n de objetivos y habilidades para la vida, al tiempo que ofrece oportunidades para el comportamiento pro-social y el desarrollo de actividades que ayudan a las j\u00f3venes latinas a incorporar el cuidado, la ayuda, la comprensi\u00f3n y la cooperaci\u00f3n en sus vidas.<\/p>\n","protected":false},"excerpt":{"rendered":"<p>Una adaptaci\u00f3n juvenil de MSL, J\u00f3venes Latinas, Futuras L\u00edderes, se dise\u00f1\u00f3 para aumentar la autoestima y la confianza en s\u00ed mismas entre las j\u00f3venes latinas, al tiempo que se desarrollaba [&hellip;]<\/p>\n","protected":false},"author":1,"featured_media":0,"parent":0,"menu_order":0,"comment_status":"open","ping_status":"open","template":"","meta":{"_et_pb_use_builder":"","_et_pb_old_content":"","_et_gb_content_width":"","_themeisle_gutenberg_block_has_review":false,"footnotes":""},"class_list":["post-2430","page","type-page","status-publish","hentry"],"_links":{"self":[{"href":"https:\/\/thelatinacenter.org\/es\/wp-json\/wp\/v2\/pages\/2430","targetHints":{"allow":["GET"]}}],"collection":[{"href":"https:\/\/thelatinacenter.org\/es\/wp-json\/wp\/v2\/pages"}],"about":[{"href":"https:\/\/thelatinacenter.org\/es\/wp-json\/wp\/v2\/types\/page"}],"author":[{"embeddable":true,"href":"https:\/\/thelatinacenter.org\/es\/wp-json\/wp\/v2\/users\/1"}],"replies":[{"embeddable":true,"href":"https:\/\/thelatinacenter.org\/es\/wp-json\/wp\/v2\/comments?post=2430"}],"version-history":[{"count":0,"href":"https:\/\/thelatinacenter.org\/es\/wp-json\/wp\/v2\/pages\/2430\/revisions"}],"wp:attachment":[{"href":"https:\/\/thelatinacenter.org\/es\/wp-json\/wp\/v2\/media?parent=2430"}],"curies":[{"name":"wp","href":"https:\/\/api.w.org\/{rel}","templated":true}]}}