{"id":2432,"date":"2015-02-25T13:08:21","date_gmt":"2015-02-25T13:08:21","guid":{"rendered":"https:\/\/thelatinacenter.org\/como-empezo-tlc\/"},"modified":"2015-02-25T13:08:21","modified_gmt":"2015-02-25T13:08:21","slug":"como-empezo-tlc","status":"publish","type":"page","link":"https:\/\/thelatinacenter.org\/es\/como-empezo-tlc\/","title":{"rendered":"C\u00f3mo empez\u00f3 TLC"},"content":{"rendered":"<p>En 1999, y con la determinaci\u00f3n de <strong>Miriam Wong<\/strong>, el programa estatal Women&#8217;s Health Leadership fue replicado en espa\u00f1ol y adaptado a la cultura latina (en colaboraci\u00f3n con el Comit\u00e9 Directivo de Debbie Arthur, Rocky Schnaath, Maria Lemus, Julie Davidson &#8211; G\u00f3mez, Belma Gonz\u00e1lez). En julio de 1999, se fund\u00f3 el programa Liderazgo para la Salud de la Mujer en la Comunidad Latina (LCWHL) y recibi\u00f3 el apoyo financiero de nuestro primer patrocinador, The Women&#8217;s Foundation. Este programa fue un \u00e9xito gracias al compromiso y la participaci\u00f3n de 15 Peer Leaders y 4 Faculty Advisors. Despu\u00e9s del primer a\u00f1o vimos los excelentes resultados de su crecimiento personal y el impacto en la salud y el bienestar de sus familias y su comunidad.<\/p>\n<p><strong>El Centro Latina<\/strong> se fund\u00f3 como organizaci\u00f3n sin \u00e1nimo de lucro en el a\u00f1o 2000 con la convicci\u00f3n de que el \u00e9xito y la eficacia del cambio comunitario para mejorar la salud empiezan por los l\u00edderes informales de la comunidad. Las mujeres son l\u00edderes naturales y un componente central en su familia y su comunidad, socios cruciales a la hora de introducir cambios duraderos que mejoren tanto la salud individual como la de la comunidad.<\/p>\n","protected":false},"excerpt":{"rendered":"<p>En 1999, y con la determinaci\u00f3n de Miriam Wong, el programa estatal Women&#8217;s Health Leadership fue replicado en espa\u00f1ol y adaptado a la cultura latina (en colaboraci\u00f3n con el Comit\u00e9 [&hellip;]<\/p>\n","protected":false},"author":1,"featured_media":0,"parent":0,"menu_order":2,"comment_status":"open","ping_status":"closed","template":"","meta":{"_et_pb_use_builder":"","_et_pb_old_content":"","_et_gb_content_width":"","_themeisle_gutenberg_block_has_review":false,"footnotes":""},"class_list":["post-2432","page","type-page","status-publish","hentry"],"_links":{"self":[{"href":"https:\/\/thelatinacenter.org\/es\/wp-json\/wp\/v2\/pages\/2432","targetHints":{"allow":["GET"]}}],"collection":[{"href":"https:\/\/thelatinacenter.org\/es\/wp-json\/wp\/v2\/pages"}],"about":[{"href":"https:\/\/thelatinacenter.org\/es\/wp-json\/wp\/v2\/types\/page"}],"author":[{"embeddable":true,"href":"https:\/\/thelatinacenter.org\/es\/wp-json\/wp\/v2\/users\/1"}],"replies":[{"embeddable":true,"href":"https:\/\/thelatinacenter.org\/es\/wp-json\/wp\/v2\/comments?post=2432"}],"version-history":[{"count":0,"href":"https:\/\/thelatinacenter.org\/es\/wp-json\/wp\/v2\/pages\/2432\/revisions"}],"wp:attachment":[{"href":"https:\/\/thelatinacenter.org\/es\/wp-json\/wp\/v2\/media?parent=2432"}],"curies":[{"name":"wp","href":"https:\/\/api.w.org\/{rel}","templated":true}]}}