{"id":2434,"date":"2015-02-25T13:07:54","date_gmt":"2015-02-25T13:07:54","guid":{"rendered":"https:\/\/thelatinacenter.org\/donantes\/"},"modified":"2024-03-12T13:54:20","modified_gmt":"2024-03-12T13:54:20","slug":"donantes","status":"publish","type":"page","link":"https:\/\/thelatinacenter.org\/es\/donantes\/","title":{"rendered":"Donantes"},"content":{"rendered":"<p>[et_pb_section fb_built=\u00bb1&#8243; admin_label=\u00bbsection\u00bb _builder_version=\u00bb4.19.2&#8243; hover_enabled=\u00bb0&#8243; global_colors_info=\u00bb{}\u00bb background_color=\u00bbRGBA(255,255,255,0)\u00bb sticky_enabled=\u00bb0&#8243;][et_pb_row admin_label=\u00bbfila\u00bb _builder_version=\u00bb4.19.2&#8243; background_size=\u00bbinitial\u00bb background_position=\u00bbtop_left\u00bb background_repeat=\u00bbrepeat\u00bb hover_enabled=\u00bb0&#8243; global_colors_info=\u00bb{}\u00bb custom_padding=\u00bb0px|||||\u00bb sticky_enabled=\u00bb0&#8243;][et_pb_column type=\u00bb4_4&#8243; _builder_version=\u00bb4.19.2&#8243; custom_padding=\u00bb|||\u00bb hover_enabled=\u00bb0&#8243; global_colors_info=\u00bb{}\u00bb custom_padding__hover=\u00bb|||\u00bb background_color=\u00bbRGBA(255,255,255,0)\u00bb sticky_enabled=\u00bb0&#8243;][et_pb_text admin_label=\u00bbText\u00bb _builder_version=\u00bb4.19.2&#8243; background_size=\u00bbinitial\u00bb background_position=\u00bbtop_left\u00bb background_repeat=\u00bbrepeat\u00bb hover_enabled=\u00bb0&#8243; global_colors_info=\u00bb{}\u00bb background_color=\u00bbRGBA(255,255,255,0)\u00bb sticky_enabled=\u00bb0&#8243;]<\/p>\n<p><b>Colaboradores y socios comunitarios<\/b><\/p>\n<p>El Centro Latina agradece a todos los que apoyan econ\u00f3micamente nuestros programas<\/p>\n<p><b>Fundaciones<\/b><\/p>\n<p><a href=\"http:\/\/www.womansfoundation.com\">Fundaci\u00f3n Mujer<\/a><\/p>\n<p><a href=\"http:\/\/www.calendow.org\/\">La Fundaci\u00f3n de California<\/a><\/p>\n<p><a href=\"https:\/\/cfhc.org\/\" target=\"_blank\" rel=\"noopener\">Consejo de Salud de California<\/a><\/p>\n<p><a href=\"http:\/\/www.calwellness.org\/\">Fundaci\u00f3n para el Bienestar de California<\/a><\/p>\n<p><a href=\"https:\/\/www.ebcf.org\/\">Fundaci\u00f3n Comunitaria de East Bay<\/a><\/p>\n<p><a href=\"http:\/\/kff.org\/\">Fundaci\u00f3n Kaiser<\/a><\/p>\n<p><a href=\"http:\/\/sff.org\/programs\/special-programs-and-funds\/koshland-program\/\">Fundaci\u00f3n Koshland<\/a><\/p>\n<p><a href=\"http:\/\/www.latinocf.org\/\">Fundaci\u00f3n de la Comunidad Latina<\/a><\/p>\n<p><a href=\"https:\/\/fdo.foundationcenter.org\/grantmaker-profile?collection=grantmakers&amp;key=LASH013&amp;state=%22California%22&amp;from_search=1&amp;page=8\">Fundaci\u00f3n Lasher<\/a><\/p>\n<p><a href=\"https:\/\/magiccabinet.org\/\">Armario m\u00e1gico<\/a><\/p>\n<p><a href=\"http:\/\/www.marchofdimes.org\">Marcha de Dime<\/a><\/p>\n<p><a href=\"http:\/\/sff.org\/\" target=\"_blank\" rel=\"noopener\">La Fundaci\u00f3n San Francisco<\/a><\/p>\n<p><a href=\"http:\/\/sunshinefoundation.org\">Fundaci\u00f3n Sunshine<\/a><\/p>\n<p><a href=\"http:\/\/ww5.komen.org\/\">Fundaci\u00f3n Susan G. Komen<\/a><\/p>\n<p>Fundaci\u00f3n Start Holistic<\/p>\n<p><b>Empresas<\/b><\/p>\n<p><a href=\"http:\/\/www.chevron.com\/\">Corporaci\u00f3n Chevron<\/a><\/p>\n<p><a href=\"https:\/\/www.mechanicsbank.com\/mechbank\/Mbwebsite.nsf\/home\/index\">Banco de Mec\u00e1nica<\/a><\/p>\n<p>Compa\u00f1\u00eda Pacific Infinity Inc.<\/p>\n<p><b>Instituci\u00f3n<\/b><\/p>\n<p><a href=\"http:\/\/www.visionycompromiso.org\/\">Visi\u00f3n y compromiso<\/a><\/p>\n<p><a href=\"http:\/\/www.oakdiocese.org\/diocese\/parish-directory\/st.-cornelius-parish\">Iglesia de San Cornelio<\/a><\/p>\n<p><a href=\"http:\/\/www.miravistaucc.org\/\">Iglesia Unida de Cristo de Mira Vista<\/a><\/p>\n<p><b>Empresas<\/b><\/p>\n<p><a href=\"http:\/\/avenuebodyshop.com\/\" target=\"_blank\" rel=\"noopener\">Avenue Body Shop<\/a><\/p>\n<p><a href=\"http:\/\/www.fusionlatinacollective.com\/\" target=\"_blank\" rel=\"noopener\">Fusi\u00f3n Latina Catering<\/a><\/p>\n<p>Mercado de La Raza<\/p>\n<p><a href=\"http:\/\/www.lasmontanasmarkets.com\/en\/\" target=\"_blank\" rel=\"noopener\">Supermercado Las Monta\u00f1as<\/a><\/p>\n<p><a href=\"http:\/\/singersf.com\/\" target=\"_blank\" rel=\"noopener\">Singer Associates, Inc<\/a><\/p>\n<p><b>Gobierno<\/b><\/p>\n<p><a href=\"http:\/\/cchealth.org\/mentalhealth\/mhsa\/\" target=\"_blank\" rel=\"noopener\">Salud Mental del Condado de Contra Costa PEI<\/a><\/p>\n<p>Oficina contra la Violencia de G\u00e9nero<\/p>\n<p><a href=\"http:\/\/www.ci.richmond.ca.us\/\" target=\"_blank\" rel=\"noopener\">Ciudad de Richmond<\/a><\/p>\n<p><a href=\"http:\/\/www.ci.san-pablo.ca.us\/\" target=\"_blank\" rel=\"noopener\">Ciudad de San Pablo<\/a><\/p>\n<p><b>Particulares<\/b><\/p>\n<p>Debbie Arthur<\/p>\n<p>Marilyn Langlois<\/p>\n<p>Michael Epstein<\/p>\n<p>Janey Skinner<\/p>\n<p>Martha Cuevas<\/p>\n<p>Olga Flores<\/p>\n<p>Richard J. Palenchar<\/p>\n<p>Dolores Padilla<\/p>\n<p>Gladys Garza<\/p>\n<p>Mar\u00eda Edwars<\/p>\n<p>Juan M\u00e1rquez<\/p>\n<p>Porshia J. Mack<\/p>\n<p>Maximiliana Ruiz<\/p>\n<p>Dra. Gabriela Kramer<\/p>\n<p>Susan Tureck<\/p>\n<p>L\u00edderes de MSL<\/p>\n<p>[\/et_pb_text][\/et_pb_column][\/et_pb_row][\/et_pb_section]<\/p>\n","protected":false},"excerpt":{"rendered":"<p>Colaboradores y socios comunitarios El Centro Latina agradece a todos los que apoyan econ\u00f3micamente nuestros programas Fundaciones Fundaci\u00f3n Mujer La Fundaci\u00f3n de California Consejo de Salud de California Fundaci\u00f3n para [&hellip;]<\/p>\n","protected":false},"author":1,"featured_media":0,"parent":0,"menu_order":5,"comment_status":"open","ping_status":"closed","template":"","meta":{"_et_pb_use_builder":"on","_et_pb_old_content":"","_et_gb_content_width":"","_themeisle_gutenberg_block_has_review":false,"footnotes":""},"class_list":["post-2434","page","type-page","status-publish","hentry"],"_links":{"self":[{"href":"https:\/\/thelatinacenter.org\/es\/wp-json\/wp\/v2\/pages\/2434","targetHints":{"allow":["GET"]}}],"collection":[{"href":"https:\/\/thelatinacenter.org\/es\/wp-json\/wp\/v2\/pages"}],"about":[{"href":"https:\/\/thelatinacenter.org\/es\/wp-json\/wp\/v2\/types\/page"}],"author":[{"embeddable":true,"href":"https:\/\/thelatinacenter.org\/es\/wp-json\/wp\/v2\/users\/1"}],"replies":[{"embeddable":true,"href":"https:\/\/thelatinacenter.org\/es\/wp-json\/wp\/v2\/comments?post=2434"}],"version-history":[{"count":2,"href":"https:\/\/thelatinacenter.org\/es\/wp-json\/wp\/v2\/pages\/2434\/revisions"}],"predecessor-version":[{"id":2439,"href":"https:\/\/thelatinacenter.org\/es\/wp-json\/wp\/v2\/pages\/2434\/revisions\/2439"}],"wp:attachment":[{"href":"https:\/\/thelatinacenter.org\/es\/wp-json\/wp\/v2\/media?parent=2434"}],"curies":[{"name":"wp","href":"https:\/\/api.w.org\/{rel}","templated":true}]}}