{"id":2436,"date":"2015-02-25T19:13:21","date_gmt":"2015-02-25T19:13:21","guid":{"rendered":"https:\/\/thelatinacenter.org\/latinos-salud-y-liderazgo\/"},"modified":"2015-02-25T19:13:21","modified_gmt":"2015-02-25T19:13:21","slug":"latinos-salud-y-liderazgo","status":"publish","type":"page","link":"https:\/\/thelatinacenter.org\/es\/latinos-salud-y-liderazgo\/","title":{"rendered":"Latinos, salud y liderazgo"},"content":{"rendered":"<p><em>Latinos, Salud y Liderazgo<\/em> (LSL) comenz\u00f3 gracias a la determinaci\u00f3n de voluntarios en agosto de 2014. LSL es una r\u00e9plica del programa MSL, adaptado para hombres latinos. Actualmente, 15 hombres que comparten el deseo de ser un modelo positivo para otros hombres est\u00e1n desarrollando el programa e identificando proyectos de aprendizaje que beneficiar\u00e1n a otras familias latinas.<\/p>\n","protected":false},"excerpt":{"rendered":"<p>Latinos, Salud y Liderazgo (LSL) comenz\u00f3 gracias a la determinaci\u00f3n de voluntarios en agosto de 2014. LSL es una r\u00e9plica del programa MSL, adaptado para hombres latinos. Actualmente, 15 hombres [&hellip;]<\/p>\n","protected":false},"author":1,"featured_media":0,"parent":0,"menu_order":0,"comment_status":"open","ping_status":"open","template":"","meta":{"_et_pb_use_builder":"","_et_pb_old_content":"","_et_gb_content_width":"","_themeisle_gutenberg_block_has_review":false,"footnotes":""},"class_list":["post-2436","page","type-page","status-publish","hentry"],"_links":{"self":[{"href":"https:\/\/thelatinacenter.org\/es\/wp-json\/wp\/v2\/pages\/2436","targetHints":{"allow":["GET"]}}],"collection":[{"href":"https:\/\/thelatinacenter.org\/es\/wp-json\/wp\/v2\/pages"}],"about":[{"href":"https:\/\/thelatinacenter.org\/es\/wp-json\/wp\/v2\/types\/page"}],"author":[{"embeddable":true,"href":"https:\/\/thelatinacenter.org\/es\/wp-json\/wp\/v2\/users\/1"}],"replies":[{"embeddable":true,"href":"https:\/\/thelatinacenter.org\/es\/wp-json\/wp\/v2\/comments?post=2436"}],"version-history":[{"count":0,"href":"https:\/\/thelatinacenter.org\/es\/wp-json\/wp\/v2\/pages\/2436\/revisions"}],"wp:attachment":[{"href":"https:\/\/thelatinacenter.org\/es\/wp-json\/wp\/v2\/media?parent=2436"}],"curies":[{"name":"wp","href":"https:\/\/api.w.org\/{rel}","templated":true}]}}