{"id":2441,"date":"2015-05-04T07:17:32","date_gmt":"2015-05-04T07:17:32","guid":{"rendered":"https:\/\/thelatinacenter.org\/mujeres-salud-y-liderazgo-msl\/"},"modified":"2015-05-04T07:17:32","modified_gmt":"2015-05-04T07:17:32","slug":"mujeres-salud-y-liderazgo-msl","status":"publish","type":"page","link":"https:\/\/thelatinacenter.org\/es\/mujeres-salud-y-liderazgo-msl\/","title":{"rendered":"Mujeres, Salud y Liderazgo (MSL)"},"content":{"rendered":"<p>La meta del programa MSL es mejorar la salud de la mujer latina y sus familias ofreci\u00e9ndoles entrenamientos para que adquieran nuevas destrezas (por ejemplo, manejo del tiempo, presupuesto, conexiones o networking y acceso expandido a servicios comunitarios) para 35-50 latinas l\u00edderes de los condados de Alameda y Contra Costa cada a\u00f1o. MSL valora las destrezas individuales de las mujeres y reconoce los roles de las mujeres para compartir, cuidar y ayudar a sus familias y la comunidad.<\/p>\n<p><a href=\"https:\/\/thelatinacenter.org\/wp-content\/uploads\/2015\/02\/msl.jpg\"><img loading=\"lazy\" decoding=\"async\" class=\"aligncenter size-medium wp-image-165\" src=\"https:\/\/thelatinacenter.org\/wp-content\/uploads\/2015\/02\/msl.jpg?w=300\" alt=\"msl\" width=\"300\" height=\"71\" srcset=\"https:\/\/thelatinacenter.org\/wp-content\/uploads\/2015\/02\/msl.jpg 800w, https:\/\/thelatinacenter.org\/wp-content\/uploads\/2015\/02\/msl-300x71.jpg 300w, https:\/\/thelatinacenter.org\/wp-content\/uploads\/2015\/02\/msl-768x180.jpg 768w\" sizes=\"(max-width: 300px) 100vw, 300px\" \/><\/a>Las l\u00edderes aprenden a dise\u00f1ar e implementar un \u00abproyecto de aprendizaje\u00bb en el que abordan una necesidad que ven en su comunidad. Los proyectos incluyen grupos de apoyo, encuestas en la comunidad, eventos educativos que juntan a las mujeres y sus familias y contribuyen al empoderamiento de cada participante y de la comunidad mientras ayudan a otros. The Latina Center sirve a 3000 mujeres latinas, hombres, j\u00f3venes y ni\u00f1os cada a\u00f1o con informaci\u00f3n sobre temas como nutrici\u00f3n, actividad f\u00edsica, violencia dom\u00e9stica, abuso infantil, c\u00e1ncer, diabetes, desarrollo del ni\u00f1o, educaci\u00f3n financiera, arte, cultura y tradiciones latinas y crianza de los ni\u00f1os.<\/p>\n<p>Cada a\u00f1o, The Latina Center coordina el D\u00eda Legislativo de las Latinas ofreci\u00e9ndole a mujeres latinas en el \u00e1rea de la bah\u00eda la oportunidad de visitar Sacramento. Las mujeres caminan por los pasillos del Congreso del Estado, se re\u00fanen con legisladores. El d\u00eda legislativo le da a las participantes la oportunidad de hablar en nombre de sus comunidades y educar a los legisladores sobre problemas cr\u00edticos que afectan a sus familias. Para muchas mujeres, esta es la primera vez que van a Sacramento y conocen a nuestros legisladores. Es una experiencia muy enriquecedora.<\/p>\n","protected":false},"excerpt":{"rendered":"<p>La meta del programa MSL es mejorar la salud de la mujer latina y sus familias ofreci\u00e9ndoles entrenamientos para que adquieran nuevas destrezas (por ejemplo, manejo del tiempo, presupuesto, conexiones [&hellip;]<\/p>\n","protected":false},"author":1,"featured_media":0,"parent":0,"menu_order":0,"comment_status":"closed","ping_status":"closed","template":"","meta":{"_et_pb_use_builder":"","_et_pb_old_content":"","_et_gb_content_width":"","_themeisle_gutenberg_block_has_review":false,"footnotes":""},"class_list":["post-2441","page","type-page","status-publish","hentry"],"_links":{"self":[{"href":"https:\/\/thelatinacenter.org\/es\/wp-json\/wp\/v2\/pages\/2441","targetHints":{"allow":["GET"]}}],"collection":[{"href":"https:\/\/thelatinacenter.org\/es\/wp-json\/wp\/v2\/pages"}],"about":[{"href":"https:\/\/thelatinacenter.org\/es\/wp-json\/wp\/v2\/types\/page"}],"author":[{"embeddable":true,"href":"https:\/\/thelatinacenter.org\/es\/wp-json\/wp\/v2\/users\/1"}],"replies":[{"embeddable":true,"href":"https:\/\/thelatinacenter.org\/es\/wp-json\/wp\/v2\/comments?post=2441"}],"version-history":[{"count":0,"href":"https:\/\/thelatinacenter.org\/es\/wp-json\/wp\/v2\/pages\/2441\/revisions"}],"wp:attachment":[{"href":"https:\/\/thelatinacenter.org\/es\/wp-json\/wp\/v2\/media?parent=2441"}],"curies":[{"name":"wp","href":"https:\/\/api.w.org\/{rel}","templated":true}]}}