{"id":2443,"date":"2015-05-04T10:35:30","date_gmt":"2015-05-04T10:35:30","guid":{"rendered":"https:\/\/thelatinacenter.org\/ya-basta-juntos-terminaremos-la-violencia-familiar\/"},"modified":"2024-03-12T13:54:27","modified_gmt":"2024-03-12T13:54:27","slug":"ya-basta-juntos-terminaremos-la-violencia-familiar","status":"publish","type":"page","link":"https:\/\/thelatinacenter.org\/es\/ya-basta-juntos-terminaremos-la-violencia-familiar\/","title":{"rendered":"\u00a1Ya Basta! Juntos Terminaremos la Violencia Familiar"},"content":{"rendered":"\n[et_pb_section][et_pb_row][et_pb_column type=\u00bb4_4&#8243;][et_pb_text]Es un proyecto comunitario iniciado por L\u00edderes del programa Mujeres, Salud y Liderazgo, muchas de ellas sobrevivientes de la violencia dom\u00e9stica. La meta de !Ya Basta! es de proporcionar entrenamiento acerca de violencia familiar y dar apoyo a Latinas del Area de la Bah\u00eda como estrategia tiene:\n\n1) desarrollar apoyo local en la comunidad Latina para terminar con la violencia de la familia.\n2) Proporcionar el apoyo, la educaci\u00f3n p\u00fablica, capacitaci\u00f3n para promotores para profesionales de la salud.\n3) desarrollo culturalmente sensible de programas.\n4) entrenamiento para facilitadores de grupo capacitando a l\u00edderes de Mujeres, Salud y Liderazgo y l\u00edderes comunitarios.[\/et_pb_text][\/et_pb_column][\/et_pb_row][\/et_pb_section]\n","protected":false},"excerpt":{"rendered":"<p><div class=\"et_pb_section et_pb_section_0 et_section_regular\" >\n\t\t\t\t\n\t\t\t\t\n\t\t\t\t\n\t\t\t\t\n\t\t\t\t\n\t\t\t\t\n\t\t\t\t\n\t\t\t\t\n\t\t\t\t\n\t\t\t<\/div><div class=\"et_pb_row et_pb_row_0 et_pb_row_empty\">\n\t\t\t\t\n\t\t\t\t\n\t\t\t\t\n\t\t\t\t\n\t\t\t\t\n\t\t\t<\/div><div class=\"et_pb_module et_pb_text et_pb_text_0  et_pb_text_align_left et_pb_bg_layout_light\">\n\t\t\t\t\n\t\t\t\t\n\t\t\t\t\n\t\t\t\t\n\t\t\t\t\n\t\t\t<\/div>Es un proyecto comunitario iniciado por L\u00edderes del programa Mujeres, Salud y Liderazgo, muchas de ellas sobrevivientes de la violencia dom\u00e9stica. La meta de !Ya Basta! es de proporcionar entrenamiento [&hellip;]<\/p>\n","protected":false},"author":1,"featured_media":0,"parent":0,"menu_order":0,"comment_status":"open","ping_status":"open","template":"","meta":{"_et_pb_use_builder":"on","_et_pb_old_content":"","_et_gb_content_width":"","_themeisle_gutenberg_block_has_review":false,"footnotes":""},"class_list":["post-2443","page","type-page","status-publish","hentry"],"_links":{"self":[{"href":"https:\/\/thelatinacenter.org\/es\/wp-json\/wp\/v2\/pages\/2443","targetHints":{"allow":["GET"]}}],"collection":[{"href":"https:\/\/thelatinacenter.org\/es\/wp-json\/wp\/v2\/pages"}],"about":[{"href":"https:\/\/thelatinacenter.org\/es\/wp-json\/wp\/v2\/types\/page"}],"author":[{"embeddable":true,"href":"https:\/\/thelatinacenter.org\/es\/wp-json\/wp\/v2\/users\/1"}],"replies":[{"embeddable":true,"href":"https:\/\/thelatinacenter.org\/es\/wp-json\/wp\/v2\/comments?post=2443"}],"version-history":[{"count":1,"href":"https:\/\/thelatinacenter.org\/es\/wp-json\/wp\/v2\/pages\/2443\/revisions"}],"predecessor-version":[{"id":2444,"href":"https:\/\/thelatinacenter.org\/es\/wp-json\/wp\/v2\/pages\/2443\/revisions\/2444"}],"wp:attachment":[{"href":"https:\/\/thelatinacenter.org\/es\/wp-json\/wp\/v2\/media?parent=2443"}],"curies":[{"name":"wp","href":"https:\/\/api.w.org\/{rel}","templated":true}]}}