{"id":2445,"date":"2015-04-07T11:11:14","date_gmt":"2015-04-07T11:11:14","guid":{"rendered":"https:\/\/thelatinacenter.org\/inicio\/"},"modified":"2015-04-07T11:11:14","modified_gmt":"2015-04-07T11:11:14","slug":"inicio","status":"publish","type":"page","link":"https:\/\/thelatinacenter.org\/es\/inicio\/","title":{"rendered":"Inicio"},"content":{"rendered":"<p><strong>Mensaje de nuestra Directora Ejecutiva<\/strong><\/p>\n<p><b><\/b>Por m\u00e1s de 21 a\u00f1os, The Latina Center se ha dedicado a mejorar la salud f\u00edsica, mental y espiritual de la mujer latina y las familias en el \u00e1rea de la bah\u00eda, espec\u00edficamente en el condado de Contra Costa. Es un gran placer para mi contarles lo lejos que hemos llegado, c\u00f3mo ha evolucionado la organizaci\u00f3n a trav\u00e9s de los a\u00f1os y hacia d\u00f3nde, yo creo, que vamos.<\/p>\n<p><a href=\"https:\/\/thelatinacenter.org\/wp-content\/uploads\/2015\/02\/miriamfoto.jpg\"><img loading=\"lazy\" decoding=\"async\" class=\"alignleft wp-image-111 size-medium\" src=\"https:\/\/thelatinacenter.org\/wp-content\/uploads\/2015\/02\/miriamfoto.jpg?w=236\" alt=\"\" width=\"236\" height=\"300\" srcset=\"https:\/\/thelatinacenter.org\/wp-content\/uploads\/2015\/02\/miriamfoto.jpg 1022w, https:\/\/thelatinacenter.org\/wp-content\/uploads\/2015\/02\/miriamfoto-236x300.jpg 236w, https:\/\/thelatinacenter.org\/wp-content\/uploads\/2015\/02\/miriamfoto-805x1024.jpg 805w, https:\/\/thelatinacenter.org\/wp-content\/uploads\/2015\/02\/miriamfoto-768x977.jpg 768w\" sizes=\"(max-width: 236px) 100vw, 236px\" \/><\/a><\/p>\n<p>En el a\u00f1o 2000, comenc\u00e9 Mujer, Salud y Liderazgo (MSL), un programa que inici\u00e9 en la sala de mi casa para poder juntar a un grupo de Latinas, ofrecerles apoyo y aumentar las oportunidades para las Latinas en nuestra comunidad. Este programa creci\u00f3 y se convirti\u00f3 en un programa de liderazgo de un a\u00f1o y servicio comunitario. Hoy estoy muy orgullosa de decir que 420 mujeres se han graduado de MSL como l\u00edderes. MSL es una experiencia transformadora que tiene un profundo impacto en la vida de muchas mujeres quienes han reconstruido su autoestima, recuperado el orgullo en su identidad como mujeres Latinas y han reestablecido sus sue\u00f1os.<\/p>\n<blockquote><p><em>(Ahora) Soy una mujer que est\u00e1 m\u00e1s segura de s\u00ed misma. Reconozco mis habilidades y conocimiento as\u00ed como mis valores, costumbres, cultura y creencias y he ganado m\u00e1s respeto por mi misma y por otros &#8211; Testimonio de una de las l\u00edderes &#8211;<\/em><\/p><\/blockquote>\n<p>La fortaleza de The Latina Center est\u00e1 en nuestra habilidad para dar poder a Latinas l\u00edderes como agentes de cambio social. A trav\u00e9s de los a\u00f1os, los programas de The Latina Center han estado integrados en nuestra comunidad y nuestras l\u00edderes se han convertido en educadoras en nuestra comunidad. Padres Educadores, Educadoras de Familia, Promotoras de Salud. Nuestros programas para crianza de los hijos han incrementado la confianza y capacidad de los padres participantes. Tambi\u00e9n han prove\u00eddo apoyo para v\u00edctimas de violencia dom\u00e9stica para que superen el abuso emocional y f\u00edsico.<\/p>\n<p>Las graduadas de nuestros programas est\u00e1n integradas en cada nivel de la organizaci\u00f3n: como empleadas, voluntarias y miembros de la junta directiva. Sabemos que The Latina Center es \u00fanico porque es lo que escuchamos de nuestra comunidad. Nuestras empleadas y voluntarias hacen todo con coraz\u00f3n, amor, calidez, empat\u00eda y respeto.<\/p>\n<blockquote><p>Cuando la gente llega a The Latina Center, ellos ven que es diferente. El personal aqu\u00ed tiene coraz\u00f3n y gran deseo de servir a la comunidad. Aqu\u00ed uno puede encontrar una familia que da apoyo, comprensi\u00f3n y una amistad sincera &#8211; Testimonio de un miembro de nuestro equipo &#8211;<\/p><\/blockquote>\n<p>Estoy muy agradecida con las fundaciones, los individuos, los negocios y las agencias del gobierno que nos han dado el apoyo financiero y las donaciones no monetarias para hacer posible nuestros programas centrados en la comunidad. Estoy en deuda con los l\u00edderes comunitarios que han tomado con su coraz\u00f3n la idea de que somos realmente \u00abservicio por encima de nosotras mismas\u00bb.<\/p>\n<p>Gracias por formar parte de este importante trabajo social.<\/p>\n<p><strong>Miriam Wong<\/strong><br \/>\n<strong>Director Ejecutivo<\/strong><\/p>\n","protected":false},"excerpt":{"rendered":"<p>Mensaje de nuestra Directora Ejecutiva Por m\u00e1s de 21 a\u00f1os, The Latina Center se ha dedicado a mejorar la salud f\u00edsica, mental y espiritual de la mujer latina y las [&hellip;]<\/p>\n","protected":false},"author":1,"featured_media":0,"parent":0,"menu_order":0,"comment_status":"open","ping_status":"open","template":"","meta":{"_et_pb_use_builder":"","_et_pb_old_content":"","_et_gb_content_width":"","_themeisle_gutenberg_block_has_review":false,"footnotes":""},"class_list":["post-2445","page","type-page","status-publish","hentry"],"_links":{"self":[{"href":"https:\/\/thelatinacenter.org\/es\/wp-json\/wp\/v2\/pages\/2445","targetHints":{"allow":["GET"]}}],"collection":[{"href":"https:\/\/thelatinacenter.org\/es\/wp-json\/wp\/v2\/pages"}],"about":[{"href":"https:\/\/thelatinacenter.org\/es\/wp-json\/wp\/v2\/types\/page"}],"author":[{"embeddable":true,"href":"https:\/\/thelatinacenter.org\/es\/wp-json\/wp\/v2\/users\/1"}],"replies":[{"embeddable":true,"href":"https:\/\/thelatinacenter.org\/es\/wp-json\/wp\/v2\/comments?post=2445"}],"version-history":[{"count":0,"href":"https:\/\/thelatinacenter.org\/es\/wp-json\/wp\/v2\/pages\/2445\/revisions"}],"wp:attachment":[{"href":"https:\/\/thelatinacenter.org\/es\/wp-json\/wp\/v2\/media?parent=2445"}],"curies":[{"name":"wp","href":"https:\/\/api.w.org\/{rel}","templated":true}]}}