{"id":2446,"date":"2015-04-07T11:51:57","date_gmt":"2015-04-07T11:51:57","guid":{"rendered":"https:\/\/thelatinacenter.org\/programas\/"},"modified":"2015-04-07T11:51:57","modified_gmt":"2015-04-07T11:51:57","slug":"programas","status":"publish","type":"page","link":"https:\/\/thelatinacenter.org\/es\/programas\/","title":{"rendered":"Programas"},"content":{"rendered":"<p>Creemos en nuestra comunidad y en su capacidad para generar cambios. Aqu\u00ed en The Latina Center, desarrollamos fuerte liderazgo, una persona a la vez. Creemos que para construir una comunidad fuerte y saludable, debemos desarrollar y darle poder a nuestras mujeres inmigrantes para que luchen por si mismas, sus familias y comunidades. La esencia de todos nuestros programas, es un programa de desarrollo de liderazgo que comienza con cada participante.<\/p>\n<p>The Latina Center da poder, confianza en si mismas a Latinas para que identifiquen problemas de salud en su comunidad, y mejoren sus propias habilidades para enfrentar esas dificultades de salud con soluciones concretas basadas en las fortalezas de sus comunidades. Los programas en The Latina Center son ofrecidos en espa\u00f1ol y asisten a mujeres de los condados de Contra Costa y Alameda.<\/p>\n<ul>\n<li><a href=\"http:\/\/thelatinacenter.org\/mujeres-salud-y-liderazgo-msl\/\">Mujeres, Salud y Liderazgo (MSL) \/ Women, Health and Leadership<\/a><\/li>\n<li><a href=\"http:\/\/thelatinacenter.org\/primero-nuestros-ninos\/\">Primero Nuestros Ni\u00f1os \/ Our Children First<\/a><\/li>\n<li><a href=\"http:\/\/thelatinacenter.org\/ya-basta-juntos-terminemos-la-violencia-familiar\/\">\u00a1Ya Basta! Juntos Terminemos la Violencia Familiar \/ \u00a1Basta! Juntos podemos acabar con la violencia familiar<\/a><\/li>\n<li><a href=\"http:\/\/thelatinacenter.org\/progama-de-incubadora-de-negocios-de-richmond-una-iniciativa-para-la-independencia-economica\/\">The Richmond Incubator Project, A Partnership for Economic Self-Sufficiency &#8211; Progama de incubadora de negocios de Richmond- Una iniciativa para la independencia econ\u00f3mica<\/a><\/li>\n<li><a href=\"http:\/\/thelatinacenter.org\/latinas-jovenes-futuras-lideres-un-programa-de-liderazgo-y-tutorial-para-adolescentes-latinas\/\">Young Latinas, Future Leaders, A Leadership and Mentoring Program for Adolescent Latina Girls Latinas J\u00f3venes, Futuras L\u00edderes, un programa de liderazgo y tutor\u00eda para adolescentes latinas<\/a><\/li>\n<li><a href=\"http:\/\/thelatinacenter.org\/vih-escucha-nuestro-historia\/\">Programa SUN\/SISTAS de educaci\u00f3n y prevenci\u00f3n del VIH<\/a><\/li>\n<li>Circulos de Mujeres para la conciencia sobre el c\u00e1ncer de seno \/ The Women&#8217;s Circles Project for Breast Health and Breast Cancer Awareness<\/li>\n<li><a href=\"http:\/\/thelatinacenter.org\/latinos-salud-y-liderazgo-lsl\/\">Latinos, Salud y Liderazgo (LSL) \/ Latinos, Health and Leadership<\/a><\/li>\n<li><a href=\"http:\/\/thelatinacenter.org\/servicios-de-integracion-con-la-comunidad\/\">Servicios de Integraci\u00f3n con la Comunidad<\/a><\/li>\n<\/ul>\n\n\t\t<style type=\"text\/css\">\n\t\t\t#gallery-1 {\n\t\t\t\tmargin: auto;\n\t\t\t}\n\t\t\t#gallery-1 .gallery-item {\n\t\t\t\tfloat: left;\n\t\t\t\tmargin-top: 10px;\n\t\t\t\ttext-align: center;\n\t\t\t\twidth: 33%;\n\t\t\t}\n\t\t\t#gallery-1 img {\n\t\t\t\tborder: 2px solid #cfcfcf;\n\t\t\t}\n\t\t\t#gallery-1 .gallery-caption {\n\t\t\t\tmargin-left: 0;\n\t\t\t}\n\t\t\t\/* see gallery_shortcode() in wp-includes\/media.php *\/\n\t\t<\/style>\n\t\t<div id='gallery-1' class='gallery galleryid-2446 gallery-columns-3 gallery-size-medium'><dl class='gallery-item'>\n\t\t\t<dt class='gallery-icon portrait'>\n\t\t\t\t<a href='https:\/\/thelatinacenter.org\/es\/programas-2\/fot1-2\/'><img loading=\"lazy\" decoding=\"async\" width=\"225\" height=\"300\" src=\"https:\/\/thelatinacenter.org\/wp-content\/uploads\/2015\/02\/fot1-225x300.jpg\" class=\"attachment-medium size-medium\" alt=\"\" srcset=\"https:\/\/thelatinacenter.org\/wp-content\/uploads\/2015\/02\/fot1-225x300.jpg 225w, https:\/\/thelatinacenter.org\/wp-content\/uploads\/2015\/02\/fot1.jpg 720w\" sizes=\"(max-width: 225px) 100vw, 225px\" \/><\/a>\n\t\t\t<\/dt><\/dl><dl class='gallery-item'>\n\t\t\t<dt class='gallery-icon landscape'>\n\t\t\t\t<a href='https:\/\/thelatinacenter.org\/es\/programas-2\/fot2-2\/'><img loading=\"lazy\" decoding=\"async\" width=\"300\" height=\"225\" src=\"https:\/\/thelatinacenter.org\/wp-content\/uploads\/2015\/02\/fot2-300x225.jpg\" class=\"attachment-medium size-medium\" alt=\"\" srcset=\"https:\/\/thelatinacenter.org\/wp-content\/uploads\/2015\/02\/fot2-300x225.jpg 300w, https:\/\/thelatinacenter.org\/wp-content\/uploads\/2015\/02\/fot2-768x576.jpg 768w, https:\/\/thelatinacenter.org\/wp-content\/uploads\/2015\/02\/fot2.jpg 960w\" sizes=\"(max-width: 300px) 100vw, 300px\" \/><\/a>\n\t\t\t<\/dt><\/dl><dl class='gallery-item'>\n\t\t\t<dt class='gallery-icon landscape'>\n\t\t\t\t<a href='https:\/\/thelatinacenter.org\/es\/programas-2\/fot3-2\/'><img loading=\"lazy\" decoding=\"async\" width=\"300\" height=\"225\" src=\"https:\/\/thelatinacenter.org\/wp-content\/uploads\/2015\/02\/fot3-300x225.jpg\" class=\"attachment-medium size-medium\" alt=\"\" srcset=\"https:\/\/thelatinacenter.org\/wp-content\/uploads\/2015\/02\/fot3-300x225.jpg 300w, https:\/\/thelatinacenter.org\/wp-content\/uploads\/2015\/02\/fot3-768x576.jpg 768w, https:\/\/thelatinacenter.org\/wp-content\/uploads\/2015\/02\/fot3.jpg 960w\" sizes=\"(max-width: 300px) 100vw, 300px\" \/><\/a>\n\t\t\t<\/dt><\/dl><br style=\"clear: both\" \/><dl class='gallery-item'>\n\t\t\t<dt class='gallery-icon landscape'>\n\t\t\t\t<a href='https:\/\/thelatinacenter.org\/es\/programas-2\/fot4-2\/'><img loading=\"lazy\" decoding=\"async\" width=\"300\" height=\"225\" src=\"https:\/\/thelatinacenter.org\/wp-content\/uploads\/2015\/02\/fot4-300x225.jpg\" class=\"attachment-medium size-medium\" alt=\"\" srcset=\"https:\/\/thelatinacenter.org\/wp-content\/uploads\/2015\/02\/fot4-300x225.jpg 300w, https:\/\/thelatinacenter.org\/wp-content\/uploads\/2015\/02\/fot4-768x576.jpg 768w, https:\/\/thelatinacenter.org\/wp-content\/uploads\/2015\/02\/fot4.jpg 960w\" sizes=\"(max-width: 300px) 100vw, 300px\" \/><\/a>\n\t\t\t<\/dt><\/dl><dl class='gallery-item'>\n\t\t\t<dt class='gallery-icon landscape'>\n\t\t\t\t<a href='https:\/\/thelatinacenter.org\/es\/programas-2\/fot5-2\/'><img loading=\"lazy\" decoding=\"async\" width=\"300\" height=\"169\" src=\"https:\/\/thelatinacenter.org\/wp-content\/uploads\/2015\/02\/fot5-300x169.jpg\" class=\"attachment-medium size-medium\" alt=\"\" srcset=\"https:\/\/thelatinacenter.org\/wp-content\/uploads\/2015\/02\/fot5-300x169.jpg 300w, https:\/\/thelatinacenter.org\/wp-content\/uploads\/2015\/02\/fot5-768x432.jpg 768w, https:\/\/thelatinacenter.org\/wp-content\/uploads\/2015\/02\/fot5.jpg 960w\" sizes=\"(max-width: 300px) 100vw, 300px\" \/><\/a>\n\t\t\t<\/dt><\/dl><dl class='gallery-item'>\n\t\t\t<dt class='gallery-icon landscape'>\n\t\t\t\t<a href='https:\/\/thelatinacenter.org\/es\/programas-2\/fot6-2\/'><img loading=\"lazy\" decoding=\"async\" width=\"300\" height=\"225\" src=\"https:\/\/thelatinacenter.org\/wp-content\/uploads\/2015\/02\/fot6-300x225.jpg\" class=\"attachment-medium size-medium\" alt=\"\" srcset=\"https:\/\/thelatinacenter.org\/wp-content\/uploads\/2015\/02\/fot6-300x225.jpg 300w, https:\/\/thelatinacenter.org\/wp-content\/uploads\/2015\/02\/fot6-768x576.jpg 768w, https:\/\/thelatinacenter.org\/wp-content\/uploads\/2015\/02\/fot6.jpg 960w\" sizes=\"(max-width: 300px) 100vw, 300px\" \/><\/a>\n\t\t\t<\/dt><\/dl><br style=\"clear: both\" \/><dl class='gallery-item'>\n\t\t\t<dt class='gallery-icon landscape'>\n\t\t\t\t<a href='https:\/\/thelatinacenter.org\/es\/programas-2\/fot7-2\/'><img loading=\"lazy\" decoding=\"async\" width=\"300\" height=\"200\" src=\"https:\/\/thelatinacenter.org\/wp-content\/uploads\/2015\/02\/fot7-300x200.jpg\" class=\"attachment-medium size-medium\" alt=\"\" srcset=\"https:\/\/thelatinacenter.org\/wp-content\/uploads\/2015\/02\/fot7-300x200.jpg 300w, https:\/\/thelatinacenter.org\/wp-content\/uploads\/2015\/02\/fot7-768x512.jpg 768w, https:\/\/thelatinacenter.org\/wp-content\/uploads\/2015\/02\/fot7.jpg 960w\" sizes=\"(max-width: 300px) 100vw, 300px\" \/><\/a>\n\t\t\t<\/dt><\/dl><dl class='gallery-item'>\n\t\t\t<dt class='gallery-icon landscape'>\n\t\t\t\t<a href='https:\/\/thelatinacenter.org\/es\/programas-2\/fot8-2\/'><img loading=\"lazy\" decoding=\"async\" width=\"300\" height=\"225\" src=\"https:\/\/thelatinacenter.org\/wp-content\/uploads\/2015\/02\/fot8-300x225.jpg\" class=\"attachment-medium size-medium\" alt=\"\" srcset=\"https:\/\/thelatinacenter.org\/wp-content\/uploads\/2015\/02\/fot8-300x225.jpg 300w, https:\/\/thelatinacenter.org\/wp-content\/uploads\/2015\/02\/fot8-768x576.jpg 768w, https:\/\/thelatinacenter.org\/wp-content\/uploads\/2015\/02\/fot8.jpg 960w\" sizes=\"(max-width: 300px) 100vw, 300px\" \/><\/a>\n\t\t\t<\/dt><\/dl><dl class='gallery-item'>\n\t\t\t<dt class='gallery-icon landscape'>\n\t\t\t\t<a href='https:\/\/thelatinacenter.org\/es\/programas-2\/fot9-2\/'><img loading=\"lazy\" decoding=\"async\" width=\"300\" height=\"225\" src=\"https:\/\/thelatinacenter.org\/wp-content\/uploads\/2015\/02\/fot9-300x225.jpg\" class=\"attachment-medium size-medium\" alt=\"\" srcset=\"https:\/\/thelatinacenter.org\/wp-content\/uploads\/2015\/02\/fot9-300x225.jpg 300w, https:\/\/thelatinacenter.org\/wp-content\/uploads\/2015\/02\/fot9-768x576.jpg 768w, https:\/\/thelatinacenter.org\/wp-content\/uploads\/2015\/02\/fot9.jpg 960w\" sizes=\"(max-width: 300px) 100vw, 300px\" \/><\/a>\n\t\t\t<\/dt><\/dl><br style=\"clear: both\" \/><dl class='gallery-item'>\n\t\t\t<dt class='gallery-icon landscape'>\n\t\t\t\t<a href='https:\/\/thelatinacenter.org\/es\/programas-2\/fot10-2\/'><img loading=\"lazy\" decoding=\"async\" width=\"300\" height=\"225\" src=\"https:\/\/thelatinacenter.org\/wp-content\/uploads\/2015\/02\/fot10-300x225.jpg\" class=\"attachment-medium size-medium\" alt=\"\" srcset=\"https:\/\/thelatinacenter.org\/wp-content\/uploads\/2015\/02\/fot10-300x225.jpg 300w, https:\/\/thelatinacenter.org\/wp-content\/uploads\/2015\/02\/fot10-768x576.jpg 768w, https:\/\/thelatinacenter.org\/wp-content\/uploads\/2015\/02\/fot10.jpg 960w\" sizes=\"(max-width: 300px) 100vw, 300px\" \/><\/a>\n\t\t\t<\/dt><\/dl><dl class='gallery-item'>\n\t\t\t<dt class='gallery-icon landscape'>\n\t\t\t\t<a href='https:\/\/thelatinacenter.org\/es\/programas-2\/fot11-2\/'><img loading=\"lazy\" decoding=\"async\" width=\"300\" height=\"225\" src=\"https:\/\/thelatinacenter.org\/wp-content\/uploads\/2015\/02\/fot11-300x225.jpg\" class=\"attachment-medium size-medium\" alt=\"\" srcset=\"https:\/\/thelatinacenter.org\/wp-content\/uploads\/2015\/02\/fot11-300x225.jpg 300w, https:\/\/thelatinacenter.org\/wp-content\/uploads\/2015\/02\/fot11-768x576.jpg 768w, https:\/\/thelatinacenter.org\/wp-content\/uploads\/2015\/02\/fot11.jpg 960w\" sizes=\"(max-width: 300px) 100vw, 300px\" \/><\/a>\n\t\t\t<\/dt><\/dl><dl class='gallery-item'>\n\t\t\t<dt class='gallery-icon landscape'>\n\t\t\t\t<a href='https:\/\/thelatinacenter.org\/es\/programas-2\/fot12-2\/'><img loading=\"lazy\" decoding=\"async\" width=\"300\" height=\"169\" src=\"https:\/\/thelatinacenter.org\/wp-content\/uploads\/2015\/02\/fot12-300x169.jpg\" class=\"attachment-medium size-medium\" alt=\"\" srcset=\"https:\/\/thelatinacenter.org\/wp-content\/uploads\/2015\/02\/fot12-300x169.jpg 300w, https:\/\/thelatinacenter.org\/wp-content\/uploads\/2015\/02\/fot12-768x432.jpg 768w, https:\/\/thelatinacenter.org\/wp-content\/uploads\/2015\/02\/fot12.jpg 960w\" sizes=\"(max-width: 300px) 100vw, 300px\" \/><\/a>\n\t\t\t<\/dt><\/dl><br style=\"clear: both\" \/><dl class='gallery-item'>\n\t\t\t<dt class='gallery-icon landscape'>\n\t\t\t\t<a href='https:\/\/thelatinacenter.org\/es\/programas-2\/fot13-2\/'><img loading=\"lazy\" decoding=\"async\" width=\"300\" height=\"225\" src=\"https:\/\/thelatinacenter.org\/wp-content\/uploads\/2015\/02\/fot13-300x225.jpg\" class=\"attachment-medium size-medium\" alt=\"\" srcset=\"https:\/\/thelatinacenter.org\/wp-content\/uploads\/2015\/02\/fot13-300x225.jpg 300w, https:\/\/thelatinacenter.org\/wp-content\/uploads\/2015\/02\/fot13.jpg 640w\" sizes=\"(max-width: 300px) 100vw, 300px\" \/><\/a>\n\t\t\t<\/dt><\/dl><dl class='gallery-item'>\n\t\t\t<dt class='gallery-icon landscape'>\n\t\t\t\t<a href='https:\/\/thelatinacenter.org\/es\/programas-2\/fot14-2\/'><img loading=\"lazy\" decoding=\"async\" width=\"300\" height=\"180\" src=\"https:\/\/thelatinacenter.org\/wp-content\/uploads\/2015\/02\/fot14-300x180.jpg\" class=\"attachment-medium size-medium\" alt=\"\" srcset=\"https:\/\/thelatinacenter.org\/wp-content\/uploads\/2015\/02\/fot14-300x180.jpg 300w, https:\/\/thelatinacenter.org\/wp-content\/uploads\/2015\/02\/fot14-768x461.jpg 768w, https:\/\/thelatinacenter.org\/wp-content\/uploads\/2015\/02\/fot14.jpg 960w\" sizes=\"(max-width: 300px) 100vw, 300px\" \/><\/a>\n\t\t\t<\/dt><\/dl>\n\t\t\t<br style='clear: both' \/>\n\t\t<\/div>\n\n","protected":false},"excerpt":{"rendered":"<p>Creemos en nuestra comunidad y en su capacidad para generar cambios. Aqu\u00ed en The Latina Center, desarrollamos fuerte liderazgo, una persona a la vez. Creemos que para construir una comunidad [&hellip;]<\/p>\n","protected":false},"author":1,"featured_media":0,"parent":0,"menu_order":0,"comment_status":"open","ping_status":"open","template":"","meta":{"_et_pb_use_builder":"","_et_pb_old_content":"","_et_gb_content_width":"","_themeisle_gutenberg_block_has_review":false,"footnotes":""},"class_list":["post-2446","page","type-page","status-publish","hentry"],"_links":{"self":[{"href":"https:\/\/thelatinacenter.org\/es\/wp-json\/wp\/v2\/pages\/2446","targetHints":{"allow":["GET"]}}],"collection":[{"href":"https:\/\/thelatinacenter.org\/es\/wp-json\/wp\/v2\/pages"}],"about":[{"href":"https:\/\/thelatinacenter.org\/es\/wp-json\/wp\/v2\/types\/page"}],"author":[{"embeddable":true,"href":"https:\/\/thelatinacenter.org\/es\/wp-json\/wp\/v2\/users\/1"}],"replies":[{"embeddable":true,"href":"https:\/\/thelatinacenter.org\/es\/wp-json\/wp\/v2\/comments?post=2446"}],"version-history":[{"count":0,"href":"https:\/\/thelatinacenter.org\/es\/wp-json\/wp\/v2\/pages\/2446\/revisions"}],"wp:attachment":[{"href":"https:\/\/thelatinacenter.org\/es\/wp-json\/wp\/v2\/media?parent=2446"}],"curies":[{"name":"wp","href":"https:\/\/api.w.org\/{rel}","templated":true}]}}