{"id":2448,"date":"2015-02-25T19:03:35","date_gmt":"2015-02-25T19:03:35","guid":{"rendered":"https:\/\/thelatinacenter.org\/los-ninos-primero\/"},"modified":"2015-02-25T19:03:35","modified_gmt":"2015-02-25T19:03:35","slug":"los-ninos-primero","status":"publish","type":"page","link":"https:\/\/thelatinacenter.org\/es\/los-ninos-primero\/","title":{"rendered":"Los ni\u00f1os primero"},"content":{"rendered":"<p><em>Primero Nuestros Ni\u00f1os<\/em>  es un programa de crianza cultural y ling\u00fc\u00edsticamente espec\u00edfico que utiliza el curr\u00edculo STEP (Systematic Training for Effective Parenting) basado en la evidencia e impartido por padres educadores capacitados para proporcionar educaci\u00f3n y apoyo a los padres latinos durante 12 semanas para apoyar el desarrollo emocional, social y educativo de los ni\u00f1os y j\u00f3venes en las ciudades de Richmond y San Pablo.<\/p>\n<p><a href=\"https:\/\/thelatinacenter.org\/wp-content\/uploads\/2015\/02\/donna_latina-center.jpg\"><img loading=\"lazy\" decoding=\"async\" class=\"aligncenter size-large wp-image-168\" src=\"https:\/\/thelatinacenter.org\/wp-content\/uploads\/2015\/02\/donna_latina-center.jpg?w=660\" alt=\"Cartel_002\" width=\"660\" height=\"443\" srcset=\"https:\/\/thelatinacenter.org\/wp-content\/uploads\/2015\/02\/donna_latina-center.jpg 1500w, https:\/\/thelatinacenter.org\/wp-content\/uploads\/2015\/02\/donna_latina-center-300x201.jpg 300w, https:\/\/thelatinacenter.org\/wp-content\/uploads\/2015\/02\/donna_latina-center-1024x687.jpg 1024w, https:\/\/thelatinacenter.org\/wp-content\/uploads\/2015\/02\/donna_latina-center-768x516.jpg 768w\" sizes=\"(max-width: 660px) 100vw, 660px\" \/><\/a><\/p>\n","protected":false},"excerpt":{"rendered":"<p>Primero Nuestros Ni\u00f1os es un programa de crianza cultural y ling\u00fc\u00edsticamente espec\u00edfico que utiliza el curr\u00edculo STEP (Systematic Training for Effective Parenting) basado en la evidencia e impartido por padres [&hellip;]<\/p>\n","protected":false},"author":1,"featured_media":0,"parent":0,"menu_order":0,"comment_status":"open","ping_status":"open","template":"","meta":{"_et_pb_use_builder":"","_et_pb_old_content":"","_et_gb_content_width":"","_themeisle_gutenberg_block_has_review":false,"footnotes":""},"class_list":["post-2448","page","type-page","status-publish","hentry"],"_links":{"self":[{"href":"https:\/\/thelatinacenter.org\/es\/wp-json\/wp\/v2\/pages\/2448","targetHints":{"allow":["GET"]}}],"collection":[{"href":"https:\/\/thelatinacenter.org\/es\/wp-json\/wp\/v2\/pages"}],"about":[{"href":"https:\/\/thelatinacenter.org\/es\/wp-json\/wp\/v2\/types\/page"}],"author":[{"embeddable":true,"href":"https:\/\/thelatinacenter.org\/es\/wp-json\/wp\/v2\/users\/1"}],"replies":[{"embeddable":true,"href":"https:\/\/thelatinacenter.org\/es\/wp-json\/wp\/v2\/comments?post=2448"}],"version-history":[{"count":0,"href":"https:\/\/thelatinacenter.org\/es\/wp-json\/wp\/v2\/pages\/2448\/revisions"}],"wp:attachment":[{"href":"https:\/\/thelatinacenter.org\/es\/wp-json\/wp\/v2\/media?parent=2448"}],"curies":[{"name":"wp","href":"https:\/\/api.w.org\/{rel}","templated":true}]}}