{"id":2449,"date":"2015-05-04T10:44:49","date_gmt":"2015-05-04T10:44:49","guid":{"rendered":"https:\/\/thelatinacenter.org\/sun-sistas-programa-de-prevencion-y-educacion-sobre-vih\/"},"modified":"2015-05-04T10:44:49","modified_gmt":"2015-05-04T10:44:49","slug":"sun-sistas-programa-de-prevencion-y-educacion-sobre-vih","status":"publish","type":"page","link":"https:\/\/thelatinacenter.org\/es\/sun-sistas-programa-de-prevencion-y-educacion-sobre-vih\/","title":{"rendered":"SUN\/SISTAS: Programa de Prevenci\u00f3n y Educaci\u00f3n sobre VIH"},"content":{"rendered":"<p class=\"default\" style=\"margin-top:0;\">En colaboraci\u00f3n con la organizaci\u00f3n de <a href=\"https:\/\/womenhiv.org\/\">World<\/a> se proporciona alcance comunitario y educaci\u00f3n en espa\u00f1ol, para aumentar la concienciaci\u00f3n sobre el VIH y reducir la transmisi\u00f3n de VIH entre los Latinos de Contra Costa y Alameda.<\/p>\n<p>Se ofrecen 5 sesiones virtuales con los temas:<\/p>\n<ol>\n<li>Orgullo de ser mujer latina<\/li>\n<li>Educaci\u00f3n sobre el VIH<\/li>\n<li>Entrenamiento en habilidades de asertividad<\/li>\n<li>Entrenamiento de autogesti\u00f3n de la conducta<\/li>\n<li>Habilidades de afrontamiento<\/li>\n<\/ol>\n","protected":false},"excerpt":{"rendered":"<p>En colaboraci\u00f3n con la organizaci\u00f3n de World se proporciona alcance comunitario y educaci\u00f3n en espa\u00f1ol, para aumentar la concienciaci\u00f3n sobre el VIH y reducir la transmisi\u00f3n de VIH entre los [&hellip;]<\/p>\n","protected":false},"author":1,"featured_media":0,"parent":0,"menu_order":0,"comment_status":"open","ping_status":"open","template":"","meta":{"_et_pb_use_builder":"","_et_pb_old_content":"","_et_gb_content_width":"","_themeisle_gutenberg_block_has_review":false,"footnotes":""},"class_list":["post-2449","page","type-page","status-publish","hentry"],"yoast_head":"<!-- This site is optimized with the Yoast SEO plugin v27.6 - https:\/\/yoast.com\/product\/yoast-seo-wordpress\/ -->\n<title>SUN\/SISTAS: Programa de Prevenci\u00f3n y Educaci\u00f3n sobre VIH - The Latina Center<\/title>\n<meta name=\"robots\" content=\"index, follow, max-snippet:-1, max-image-preview:large, max-video-preview:-1\" \/>\n<link rel=\"canonical\" href=\"https:\/\/thelatinacenter.org\/es\/sun-sistas-programa-de-prevencion-y-educacion-sobre-vih\/\" \/>\n<meta property=\"og:locale\" content=\"es_ES\" \/>\n<meta property=\"og:type\" content=\"article\" \/>\n<meta property=\"og:title\" content=\"SUN\/SISTAS: Programa de Prevenci\u00f3n y Educaci\u00f3n sobre VIH - The Latina Center\" \/>\n<meta property=\"og:description\" content=\"En colaboraci\u00f3n con la organizaci\u00f3n de World se proporciona alcance comunitario y educaci\u00f3n en espa\u00f1ol, para aumentar la concienciaci\u00f3n sobre el VIH y reducir la transmisi\u00f3n de VIH entre los [&hellip;]\" \/>\n<meta property=\"og:url\" content=\"https:\/\/thelatinacenter.org\/es\/sun-sistas-programa-de-prevencion-y-educacion-sobre-vih\/\" \/>\n<meta property=\"og:site_name\" content=\"The Latina Center\" \/>\n<meta property=\"article:publisher\" content=\"https:\/\/www.facebook.com\/TheLatinaCenterTLC\" \/>\n<meta name=\"twitter:card\" content=\"summary_large_image\" \/>\n<script type=\"application\/ld+json\" class=\"yoast-schema-graph\">{\"@context\":\"https:\\\/\\\/schema.org\",\"@graph\":[{\"@type\":\"WebPage\",\"@id\":\"https:\\\/\\\/thelatinacenter.org\\\/es\\\/sun-sistas-programa-de-prevencion-y-educacion-sobre-vih\\\/\",\"url\":\"https:\\\/\\\/thelatinacenter.org\\\/es\\\/sun-sistas-programa-de-prevencion-y-educacion-sobre-vih\\\/\",\"name\":\"SUN\\\/SISTAS: Programa de Prevenci\u00f3n y Educaci\u00f3n sobre VIH - The Latina Center\",\"isPartOf\":{\"@id\":\"https:\\\/\\\/thelatinacenter.org\\\/#website\"},\"datePublished\":\"2015-05-04T10:44:49+00:00\",\"breadcrumb\":{\"@id\":\"https:\\\/\\\/thelatinacenter.org\\\/es\\\/sun-sistas-programa-de-prevencion-y-educacion-sobre-vih\\\/#breadcrumb\"},\"inLanguage\":\"es\",\"potentialAction\":[{\"@type\":\"ReadAction\",\"target\":[\"https:\\\/\\\/thelatinacenter.org\\\/es\\\/sun-sistas-programa-de-prevencion-y-educacion-sobre-vih\\\/\"]}]},{\"@type\":\"BreadcrumbList\",\"@id\":\"https:\\\/\\\/thelatinacenter.org\\\/es\\\/sun-sistas-programa-de-prevencion-y-educacion-sobre-vih\\\/#breadcrumb\",\"itemListElement\":[{\"@type\":\"ListItem\",\"position\":1,\"name\":\"Home\",\"item\":\"https:\\\/\\\/thelatinacenter.org\\\/es\\\/inicio-2\\\/\"},{\"@type\":\"ListItem\",\"position\":2,\"name\":\"SUN\\\/SISTAS: Programa de Prevenci\u00f3n y Educaci\u00f3n sobre VIH\"}]},{\"@type\":\"WebSite\",\"@id\":\"https:\\\/\\\/thelatinacenter.org\\\/#website\",\"url\":\"https:\\\/\\\/thelatinacenter.org\\\/\",\"name\":\"The Latina Center\",\"description\":\"\",\"publisher\":{\"@id\":\"https:\\\/\\\/thelatinacenter.org\\\/#organization\"},\"potentialAction\":[{\"@type\":\"SearchAction\",\"target\":{\"@type\":\"EntryPoint\",\"urlTemplate\":\"https:\\\/\\\/thelatinacenter.org\\\/?s={search_term_string}\"},\"query-input\":{\"@type\":\"PropertyValueSpecification\",\"valueRequired\":true,\"valueName\":\"search_term_string\"}}],\"inLanguage\":\"es\"},{\"@type\":\"Organization\",\"@id\":\"https:\\\/\\\/thelatinacenter.org\\\/#organization\",\"name\":\"The Latina Center\",\"url\":\"https:\\\/\\\/thelatinacenter.org\\\/\",\"logo\":{\"@type\":\"ImageObject\",\"inLanguage\":\"es\",\"@id\":\"https:\\\/\\\/thelatinacenter.org\\\/#\\\/schema\\\/logo\\\/image\\\/\",\"url\":\"https:\\\/\\\/thelatinacenter.org\\\/wp-content\\\/uploads\\\/2024\\\/04\\\/TLC_Logo_12.13.23_Square.png\",\"contentUrl\":\"https:\\\/\\\/thelatinacenter.org\\\/wp-content\\\/uploads\\\/2024\\\/04\\\/TLC_Logo_12.13.23_Square.png\",\"width\":1080,\"height\":1080,\"caption\":\"The Latina Center\"},\"image\":{\"@id\":\"https:\\\/\\\/thelatinacenter.org\\\/#\\\/schema\\\/logo\\\/image\\\/\"},\"sameAs\":[\"https:\\\/\\\/www.facebook.com\\\/TheLatinaCenterTLC\",\"https:\\\/\\\/www.instagram.com\\\/thelatinacentertlc\\\/\",\"https:\\\/\\\/www.youtube.com\\\/@TheLatinaCenter\"]}]}<\/script>\n<!-- \/ Yoast SEO plugin. -->","yoast_head_json":{"title":"SUN\/SISTAS: Programa de Prevenci\u00f3n y Educaci\u00f3n sobre VIH - The Latina Center","robots":{"index":"index","follow":"follow","max-snippet":"max-snippet:-1","max-image-preview":"max-image-preview:large","max-video-preview":"max-video-preview:-1"},"canonical":"https:\/\/thelatinacenter.org\/es\/sun-sistas-programa-de-prevencion-y-educacion-sobre-vih\/","og_locale":"es_ES","og_type":"article","og_title":"SUN\/SISTAS: Programa de Prevenci\u00f3n y Educaci\u00f3n sobre VIH - The Latina Center","og_description":"En colaboraci\u00f3n con la organizaci\u00f3n de World se proporciona alcance comunitario y educaci\u00f3n en espa\u00f1ol, para aumentar la concienciaci\u00f3n sobre el VIH y reducir la transmisi\u00f3n de VIH entre los [&hellip;]","og_url":"https:\/\/thelatinacenter.org\/es\/sun-sistas-programa-de-prevencion-y-educacion-sobre-vih\/","og_site_name":"The Latina Center","article_publisher":"https:\/\/www.facebook.com\/TheLatinaCenterTLC","twitter_card":"summary_large_image","schema":{"@context":"https:\/\/schema.org","@graph":[{"@type":"WebPage","@id":"https:\/\/thelatinacenter.org\/es\/sun-sistas-programa-de-prevencion-y-educacion-sobre-vih\/","url":"https:\/\/thelatinacenter.org\/es\/sun-sistas-programa-de-prevencion-y-educacion-sobre-vih\/","name":"SUN\/SISTAS: Programa de Prevenci\u00f3n y Educaci\u00f3n sobre VIH - The Latina Center","isPartOf":{"@id":"https:\/\/thelatinacenter.org\/#website"},"datePublished":"2015-05-04T10:44:49+00:00","breadcrumb":{"@id":"https:\/\/thelatinacenter.org\/es\/sun-sistas-programa-de-prevencion-y-educacion-sobre-vih\/#breadcrumb"},"inLanguage":"es","potentialAction":[{"@type":"ReadAction","target":["https:\/\/thelatinacenter.org\/es\/sun-sistas-programa-de-prevencion-y-educacion-sobre-vih\/"]}]},{"@type":"BreadcrumbList","@id":"https:\/\/thelatinacenter.org\/es\/sun-sistas-programa-de-prevencion-y-educacion-sobre-vih\/#breadcrumb","itemListElement":[{"@type":"ListItem","position":1,"name":"Home","item":"https:\/\/thelatinacenter.org\/es\/inicio-2\/"},{"@type":"ListItem","position":2,"name":"SUN\/SISTAS: Programa de Prevenci\u00f3n y Educaci\u00f3n sobre VIH"}]},{"@type":"WebSite","@id":"https:\/\/thelatinacenter.org\/#website","url":"https:\/\/thelatinacenter.org\/","name":"The Latina Center","description":"","publisher":{"@id":"https:\/\/thelatinacenter.org\/#organization"},"potentialAction":[{"@type":"SearchAction","target":{"@type":"EntryPoint","urlTemplate":"https:\/\/thelatinacenter.org\/?s={search_term_string}"},"query-input":{"@type":"PropertyValueSpecification","valueRequired":true,"valueName":"search_term_string"}}],"inLanguage":"es"},{"@type":"Organization","@id":"https:\/\/thelatinacenter.org\/#organization","name":"The Latina Center","url":"https:\/\/thelatinacenter.org\/","logo":{"@type":"ImageObject","inLanguage":"es","@id":"https:\/\/thelatinacenter.org\/#\/schema\/logo\/image\/","url":"https:\/\/thelatinacenter.org\/wp-content\/uploads\/2024\/04\/TLC_Logo_12.13.23_Square.png","contentUrl":"https:\/\/thelatinacenter.org\/wp-content\/uploads\/2024\/04\/TLC_Logo_12.13.23_Square.png","width":1080,"height":1080,"caption":"The Latina Center"},"image":{"@id":"https:\/\/thelatinacenter.org\/#\/schema\/logo\/image\/"},"sameAs":["https:\/\/www.facebook.com\/TheLatinaCenterTLC","https:\/\/www.instagram.com\/thelatinacentertlc\/","https:\/\/www.youtube.com\/@TheLatinaCenter"]}]}},"_links":{"self":[{"href":"https:\/\/thelatinacenter.org\/es\/wp-json\/wp\/v2\/pages\/2449","targetHints":{"allow":["GET"]}}],"collection":[{"href":"https:\/\/thelatinacenter.org\/es\/wp-json\/wp\/v2\/pages"}],"about":[{"href":"https:\/\/thelatinacenter.org\/es\/wp-json\/wp\/v2\/types\/page"}],"author":[{"embeddable":true,"href":"https:\/\/thelatinacenter.org\/es\/wp-json\/wp\/v2\/users\/1"}],"replies":[{"embeddable":true,"href":"https:\/\/thelatinacenter.org\/es\/wp-json\/wp\/v2\/comments?post=2449"}],"version-history":[{"count":0,"href":"https:\/\/thelatinacenter.org\/es\/wp-json\/wp\/v2\/pages\/2449\/revisions"}],"wp:attachment":[{"href":"https:\/\/thelatinacenter.org\/es\/wp-json\/wp\/v2\/media?parent=2449"}],"curies":[{"name":"wp","href":"https:\/\/api.w.org\/{rel}","templated":true}]}}