{"id":2450,"date":"2015-05-04T10:41:57","date_gmt":"2015-05-04T10:41:57","guid":{"rendered":"https:\/\/thelatinacenter.org\/latinas-jovenes-futuras-lideres-un-programa-de-liderazgo-y-tutoria-para-adolescentes-latinas\/"},"modified":"2015-05-04T10:41:57","modified_gmt":"2015-05-04T10:41:57","slug":"latinas-jovenes-futuras-lideres-un-programa-de-liderazgo-y-tutoria-para-adolescentes-latinas","status":"publish","type":"page","link":"https:\/\/thelatinacenter.org\/es\/latinas-jovenes-futuras-lideres-un-programa-de-liderazgo-y-tutoria-para-adolescentes-latinas\/","title":{"rendered":"Latinas J\u00f3venes, Futuras L\u00edderes, un programa de liderazgo y tutor\u00eda para adolescentes latinas"},"content":{"rendered":"<p>Una versi\u00f3n m\u00e1s j\u00f3ven de MSL, J\u00f3venes Latinas, Futuras L\u00edderes fue dise\u00f1ado para aumentar la autoestima y confianza en si misma de las j\u00f3venes latinas mientras desarrollan liderazgo, desarrollan autoestima, fortalecen su identidad cultural, armonizando y fortaleciendo sus lazos familiares, estimulando la responsabilidad proveyendo oportunidades para el servicio y los logros.<\/p>\n<p>Enriquecido con entrenamiento en destrezas para la vida, J\u00f3venes Latinas, Futuras L\u00edderes ofrece a la joven latina informaci\u00f3n y habilidades para que tomen decisiones sobre c\u00f3mo estar saludables y exitosas en la escuela, entre sus compa\u00f1eras y en su hogar. J\u00f3venes Latinas, Futuras L\u00edderes tambi\u00e9n proporciona roles modelos positivos y tutor\u00eda que es culturalmente relevante, en un ambiente de mucha confianza para ense\u00f1ar comunicaci\u00f3n, resoluci\u00f3n de conflictos, manejo de enojo-rabia, establecimiento de metas. El programa provee tambi\u00e9n oportunidades para participaci\u00f3n en labores sociales y desarrollo de actividades que ayudan a j\u00f3venes Latinas a incorporar la comprensi\u00f3n, la cooperaci\u00f3n y las ganas de ayudar entre las participantes.<\/p>\n","protected":false},"excerpt":{"rendered":"<p>Una versi\u00f3n m\u00e1s j\u00f3ven de MSL, J\u00f3venes Latinas, Futuras L\u00edderes fue dise\u00f1ado para aumentar la autoestima y confianza en si misma de las j\u00f3venes latinas mientras desarrollan liderazgo, desarrollan autoestima, [&hellip;]<\/p>\n","protected":false},"author":1,"featured_media":0,"parent":0,"menu_order":0,"comment_status":"open","ping_status":"open","template":"","meta":{"_et_pb_use_builder":"","_et_pb_old_content":"","_et_gb_content_width":"","_themeisle_gutenberg_block_has_review":false,"footnotes":""},"class_list":["post-2450","page","type-page","status-publish","hentry"],"_links":{"self":[{"href":"https:\/\/thelatinacenter.org\/es\/wp-json\/wp\/v2\/pages\/2450","targetHints":{"allow":["GET"]}}],"collection":[{"href":"https:\/\/thelatinacenter.org\/es\/wp-json\/wp\/v2\/pages"}],"about":[{"href":"https:\/\/thelatinacenter.org\/es\/wp-json\/wp\/v2\/types\/page"}],"author":[{"embeddable":true,"href":"https:\/\/thelatinacenter.org\/es\/wp-json\/wp\/v2\/users\/1"}],"replies":[{"embeddable":true,"href":"https:\/\/thelatinacenter.org\/es\/wp-json\/wp\/v2\/comments?post=2450"}],"version-history":[{"count":0,"href":"https:\/\/thelatinacenter.org\/es\/wp-json\/wp\/v2\/pages\/2450\/revisions"}],"wp:attachment":[{"href":"https:\/\/thelatinacenter.org\/es\/wp-json\/wp\/v2\/media?parent=2450"}],"curies":[{"name":"wp","href":"https:\/\/api.w.org\/{rel}","templated":true}]}}