{"id":2451,"date":"2015-04-07T10:51:43","date_gmt":"2015-04-07T10:51:43","guid":{"rendered":"https:\/\/thelatinacenter.org\/junta-directiva\/"},"modified":"2015-04-07T10:51:43","modified_gmt":"2015-04-07T10:51:43","slug":"junta-directiva","status":"publish","type":"page","link":"https:\/\/thelatinacenter.org\/es\/junta-directiva\/","title":{"rendered":"Junta Directiva"},"content":{"rendered":"<p style=\"text-align:center;\"><a href=\"https:\/\/thelatinacenter.org\/wp-content\/uploads\/2015\/04\/irene-mcguire-boardmember-secretary.jpg\"><img loading=\"lazy\" decoding=\"async\" class=\"aligncenter size-thumbnail wp-image-229\" src=\"https:\/\/thelatinacenter.org\/wp-content\/uploads\/2015\/04\/irene-mcguire-boardmember-secretary.jpg?w=113\" alt=\"Irene Mcguire Secretaria del Consejo\" width=\"113\" height=\"150\"><\/a><strong>Irene Mcguire<\/strong><br \/>\nPresidente<\/p>\n<p style=\"text-align:center;\">(sin foto)<\/p>\n<p style=\"text-align:center;\"><strong>Socorro Le\u00f3n  <\/strong><br \/>\nMiembro de la Junta Directiva<\/p>\n<p style=\"text-align:center;\"><strong><a href=\"https:\/\/thelatinacenter.org\/wp-content\/uploads\/2015\/03\/sam_2274.jpg\"><img loading=\"lazy\" decoding=\"async\" class=\" size-thumbnail wp-image-215 aligncenter\" src=\"https:\/\/thelatinacenter.org\/wp-content\/uploads\/2015\/03\/sam_2274.jpg?w=150\" alt=\"SAM_2274\" width=\"150\" height=\"113\"><\/a>Juan M\u00e1rquez  <\/strong><br \/>\nMiembro de la Junta Directiva<\/p>\n<p style=\"text-align:center;\"><a href=\"https:\/\/thelatinacenter.org\/wp-content\/uploads\/2015\/04\/maria-gamboa-board-member.jpg\"><img loading=\"lazy\" decoding=\"async\" class=\"aligncenter size-thumbnail wp-image-230\" src=\"https:\/\/thelatinacenter.org\/wp-content\/uploads\/2015\/04\/maria-gamboa-board-member.jpg?w=150\" alt=\"Maria Gamboa Miembro del Consejo\" width=\"150\" height=\"113\"><\/a><strong>Mar\u00eda Gamboa<\/strong><br \/>\nMiembro de la Junta Directiva<\/p>\n<p style=\"text-align:center;\"><strong><a href=\"https:\/\/thelatinacenter.org\/wp-content\/uploads\/2015\/04\/araceli-leyva.jpg\"><img loading=\"lazy\" decoding=\"async\" class=\"aligncenter wp-image-291 size-thumbnail\" src=\"https:\/\/thelatinacenter.org\/wp-content\/uploads\/2015\/04\/araceli-leyva.jpg?w=150\" alt=\"\" width=\"150\" height=\"150\" srcset=\"https:\/\/thelatinacenter.org\/wp-content\/uploads\/2015\/04\/araceli-leyva.jpg 200w, https:\/\/thelatinacenter.org\/wp-content\/uploads\/2015\/04\/araceli-leyva-150x150.jpg 150w\" sizes=\"(max-width: 150px) 100vw, 150px\" \/><\/a>Araceli Leyva<\/strong><br \/>\nMiembro de la Junta Directiva<\/p>\n<p style=\"text-align:center;\"><strong><a href=\"https:\/\/thelatinacenter.org\/wp-content\/uploads\/2015\/03\/sam_2268.jpg\"><img loading=\"lazy\" decoding=\"async\" class=\" size-thumbnail wp-image-217 aligncenter\" src=\"https:\/\/thelatinacenter.org\/wp-content\/uploads\/2015\/03\/sam_2268.jpg?w=150\" alt=\"SAM_2268\" width=\"150\" height=\"113\"><\/a>Maria Alegria<br \/>\n<\/strong>Comit\u00e9 de Consejer\u00eda<\/p>\n<p style=\"text-align:center;\"><strong><a href=\"https:\/\/thelatinacenter.org\/wp-content\/uploads\/2015\/03\/sam_2271.jpg\"><img loading=\"lazy\" decoding=\"async\" class=\" size-thumbnail wp-image-219 aligncenter\" src=\"https:\/\/thelatinacenter.org\/wp-content\/uploads\/2015\/03\/sam_2271.jpg?w=150\" alt=\"SAM_2271\" width=\"150\" height=\"113\"><\/a>Mar\u00eda O. \u00c1lvarez  <\/strong><br \/>\nComit\u00e9 de Consejer\u00eda<\/p>\n","protected":false},"excerpt":{"rendered":"<p>Irene Mcguire Presidente (sin foto) Socorro Le\u00f3n Miembro de la Junta Directiva Juan M\u00e1rquez Miembro de la Junta Directiva Mar\u00eda Gamboa Miembro de la Junta Directiva Araceli Leyva Miembro de [&hellip;]<\/p>\n","protected":false},"author":1,"featured_media":0,"parent":0,"menu_order":0,"comment_status":"closed","ping_status":"closed","template":"","meta":{"_et_pb_use_builder":"","_et_pb_old_content":"","_et_gb_content_width":"","_themeisle_gutenberg_block_has_review":false,"footnotes":""},"class_list":["post-2451","page","type-page","status-publish","hentry"],"_links":{"self":[{"href":"https:\/\/thelatinacenter.org\/es\/wp-json\/wp\/v2\/pages\/2451","targetHints":{"allow":["GET"]}}],"collection":[{"href":"https:\/\/thelatinacenter.org\/es\/wp-json\/wp\/v2\/pages"}],"about":[{"href":"https:\/\/thelatinacenter.org\/es\/wp-json\/wp\/v2\/types\/page"}],"author":[{"embeddable":true,"href":"https:\/\/thelatinacenter.org\/es\/wp-json\/wp\/v2\/users\/1"}],"replies":[{"embeddable":true,"href":"https:\/\/thelatinacenter.org\/es\/wp-json\/wp\/v2\/comments?post=2451"}],"version-history":[{"count":0,"href":"https:\/\/thelatinacenter.org\/es\/wp-json\/wp\/v2\/pages\/2451\/revisions"}],"wp:attachment":[{"href":"https:\/\/thelatinacenter.org\/es\/wp-json\/wp\/v2\/media?parent=2451"}],"curies":[{"name":"wp","href":"https:\/\/api.w.org\/{rel}","templated":true}]}}