{"id":2454,"date":"2015-04-07T10:55:05","date_gmt":"2015-04-07T10:55:05","guid":{"rendered":"https:\/\/thelatinacenter.org\/donantes-y-socios\/"},"modified":"2015-04-07T10:55:05","modified_gmt":"2015-04-07T10:55:05","slug":"donantes-y-socios","status":"publish","type":"page","link":"https:\/\/thelatinacenter.org\/es\/donantes-y-socios\/","title":{"rendered":"Donantes y Socios"},"content":{"rendered":"<p>The Latina Center agradece por el soporte financiero a sus programas:<\/p>\n<p><b>Fundaciones<\/b><\/p>\n<p><a href=\"http:\/\/www.womansfoundation.com\">Fundaci\u00f3n Mujer<\/a><\/p>\n<p><a href=\"http:\/\/www.calendow.org\/\">La Fundaci\u00f3n de California<\/a><\/p>\n<p><a href=\"http:\/\/www.calwellness.org\/\">Fundaci\u00f3n para el Bienestar de California<\/a><\/p>\n<p><a href=\"http:\/\/www.latinocf.org\/\">Fundaci\u00f3n de la Comunidad Latina<\/a><\/p>\n<p><a href=\"http:\/\/ww5.komen.org\/\">Fundaci\u00f3n Susan G. Komen<\/a><\/p>\n<p><a href=\"https:\/\/fdo.foundationcenter.org\/grantmaker-profile?collection=grantmakers&amp;key=LASH013&amp;state=%22California%22&amp;from_search=1&amp;page=8\">Fundaci\u00f3n Lasher<\/a><\/p>\n<p><a href=\"http:\/\/kff.org\/\">Fundaci\u00f3n Kaiser<\/a><\/p>\n<p><a href=\"http:\/\/sff.org\/\" target=\"_blank\" rel=\"noopener\">La Fundaci\u00f3n San Francisco<\/a><\/p>\n<p><a href=\"https:\/\/www.eastbaygives.org\/\" target=\"_blank\" rel=\"noopener\">Fundaci\u00f3n del \u00c1rea Este de la Bah\u00eda<\/a><\/p>\n<p><a href=\"https:\/\/cfhc.org\/\" target=\"_blank\" rel=\"noopener\">Consejo de Salud de California<\/a><\/p>\n<p><a href=\"http:\/\/www.marchofdimes.org\">Marcha de Dime<\/a><\/p>\n<p><a href=\"http:\/\/sunshinefoundation.org\">Fundaci\u00f3n Sunshine<\/a><\/p>\n<p><strong>Fundaci\u00f3n Start Holistic<\/strong><\/p>\n<p><a href=\"http:\/\/sff.org\/programs\/special-programs-and-funds\/koshland-program\/\">Fundaci\u00f3n Koshland<\/a><\/p>\n<p><b>Corporaciones<\/b><\/p>\n<p><a href=\"http:\/\/www.chevron.com\/\">Corporaci\u00f3n Chevron<\/a><\/p>\n<p><a href=\"https:\/\/www.mechanicsbank.com\/mechbank\/Mbwebsite.nsf\/home\/index\">Banco de Mec\u00e1nica<\/a><\/p>\n<p>Compa\u00f1\u00eda Pacific Infinity Inc.<\/p>\n<p><b>Instituciones<\/b><\/p>\n<p><a href=\"http:\/\/www.visionycompromiso.org\/\">Visi\u00f3n y compromiso<\/a><\/p>\n<p><a href=\"http:\/\/www.oakdiocese.org\/diocese\/parish-directory\/st.-cornelius-parish\">Iglesia de San Cornelio<\/a><\/p>\n<p><a href=\"http:\/\/www.miravistaucc.org\/\">Iglesia Unida de Cristo de Mira Vista<\/a><\/p>\n<p><b>Negocios<\/b><\/p>\n<p><a href=\"http:\/\/avenuebodyshop.com\/\" target=\"_blank\" rel=\"noopener\">Avenue Body Shop<\/a><\/p>\n<p><a href=\"http:\/\/www.fusionlatinacollective.com\/\" target=\"_blank\" rel=\"noopener\">Fusi\u00f3n Latina Catering<\/a><\/p>\n<p>Mercado de La Raza<\/p>\n<p><a href=\"http:\/\/www.lasmontanasmarkets.com\/en\/\" target=\"_blank\" rel=\"noopener\">Supermercado Las Monta\u00f1as<\/a><\/p>\n<p><a href=\"http:\/\/singersf.com\/\" target=\"_blank\" rel=\"noopener\">Singer Associates, Inc<\/a><\/p>\n<p><b>Instituciones del Gobierno<\/b><\/p>\n<p><a href=\"http:\/\/cchealth.org\/mentalhealth\/mhsa\/\" target=\"_blank\" rel=\"noopener\">Salud Mental del Condado de Contra Costa PEI<\/a><\/p>\n<p>Oficina contra la Violencia de G\u00e9nero<\/p>\n<p><a href=\"http:\/\/www.ci.richmond.ca.us\/\" target=\"_blank\" rel=\"noopener\">Ciudad de Richmond<\/a><\/p>\n<p><a href=\"http:\/\/www.ci.san-pablo.ca.us\/\" target=\"_blank\" rel=\"noopener\">Ciudad de San Pablo<\/a><\/p>\n<p><b>Individuales<\/b><\/p>\n<p>Debbie Arthur<\/p>\n<p>Marilyn Langlois<\/p>\n<p>Michael Epstein<\/p>\n<p>Janey Skinner<\/p>\n<p>Martha Cuevas<\/p>\n<p>Olga Flores<\/p>\n<p>Richard J. Palenchar<\/p>\n<p>Dolores Padilla<\/p>\n<p>Gladys Garza<\/p>\n<p>Mar\u00eda Edwars<\/p>\n<p>Juan M\u00e1rquez<\/p>\n<p>Porshia J. Mack<\/p>\n<p>Maximiliana Ruiz<\/p>\n<p>Dra. Gabriela Kramer<\/p>\n<p>Susan Tureck<\/p>\n<p>L\u00edderes de MSL<\/p>\n","protected":false},"excerpt":{"rendered":"<p>The Latina Center agradece por el soporte financiero a sus programas: Fundaciones Fundaci\u00f3n Mujer La Fundaci\u00f3n de California Fundaci\u00f3n para el Bienestar de California Fundaci\u00f3n de la Comunidad Latina Fundaci\u00f3n [&hellip;]<\/p>\n","protected":false},"author":1,"featured_media":0,"parent":0,"menu_order":0,"comment_status":"closed","ping_status":"closed","template":"","meta":{"_et_pb_use_builder":"","_et_pb_old_content":"","_et_gb_content_width":"","_themeisle_gutenberg_block_has_review":false,"footnotes":""},"class_list":["post-2454","page","type-page","status-publish","hentry"],"_links":{"self":[{"href":"https:\/\/thelatinacenter.org\/es\/wp-json\/wp\/v2\/pages\/2454","targetHints":{"allow":["GET"]}}],"collection":[{"href":"https:\/\/thelatinacenter.org\/es\/wp-json\/wp\/v2\/pages"}],"about":[{"href":"https:\/\/thelatinacenter.org\/es\/wp-json\/wp\/v2\/types\/page"}],"author":[{"embeddable":true,"href":"https:\/\/thelatinacenter.org\/es\/wp-json\/wp\/v2\/users\/1"}],"replies":[{"embeddable":true,"href":"https:\/\/thelatinacenter.org\/es\/wp-json\/wp\/v2\/comments?post=2454"}],"version-history":[{"count":0,"href":"https:\/\/thelatinacenter.org\/es\/wp-json\/wp\/v2\/pages\/2454\/revisions"}],"wp:attachment":[{"href":"https:\/\/thelatinacenter.org\/es\/wp-json\/wp\/v2\/media?parent=2454"}],"curies":[{"name":"wp","href":"https:\/\/api.w.org\/{rel}","templated":true}]}}