{"id":2458,"date":"2015-05-04T10:50:35","date_gmt":"2015-05-04T10:50:35","guid":{"rendered":"https:\/\/thelatinacenter.org\/servicios-integrados-para-la-comunidad\/"},"modified":"2015-05-04T10:50:35","modified_gmt":"2015-05-04T10:50:35","slug":"servicios-integrados-para-la-comunidad","status":"publish","type":"page","link":"https:\/\/thelatinacenter.org\/es\/servicios-integrados-para-la-comunidad\/","title":{"rendered":"Servicios integrados para la comunidad"},"content":{"rendered":"<ul>\n<li><strong><br \/>\n  <em>Celebraci\u00f3n de la recuperaci\u00f3n<\/em><br \/>\n<\/strong>: Grupo de apoyo que promueve el autoconocimiento y sigue un modelo creado por Alcoh\u00f3licos An\u00f3nimos para personas que buscan el crecimiento personal, la curaci\u00f3n y la recuperaci\u00f3n a trav\u00e9s de una relaci\u00f3n personal con Dios como fuente de todos los cambios.<\/li>\n<li><strong><br \/>\n  <em>Apoyo jur\u00eddico en materia de inmigraci\u00f3n:<\/em><br \/>\n<\/strong> Apoyo y asesoramiento en casos de inmigraci\u00f3n (s\u00f3lo con cita previa)<\/li>\n<li><strong><br \/>\n  <em>Caminos al Apoyo<\/em><br \/>\n<\/strong>: C\u00edrculo de apoyo y educaci\u00f3n que ofrece a los participantes un espacio seguro donde recuperar su fuerza interior, su autoestima y su voz. Al compartir las experiencias dolorosas que han vivido los participantes, comienza el proceso de curaci\u00f3n para<br \/>\nlas mujeres v\u00edctimas de violencia dom\u00e9stica y abusos sexuales.<br \/>\nCamino al Apoyo ofrece 8 sesiones de dos horas, una vez a la semana.<\/li>\n<li><strong><br \/>\n  <em>Referencias para los miembros de la comunidad<\/em><br \/>\n<\/strong>: Ponemos en contacto a las personas con recursos que satisfagan sus necesidades para que puedan aumentar su calidad de vida.<\/li>\n<\/ul>\n","protected":false},"excerpt":{"rendered":"<p>Celebraci\u00f3n de la recuperaci\u00f3n : Grupo de apoyo que promueve el autoconocimiento y sigue un modelo creado por Alcoh\u00f3licos An\u00f3nimos para personas que buscan el crecimiento personal, la curaci\u00f3n y [&hellip;]<\/p>\n","protected":false},"author":1,"featured_media":0,"parent":0,"menu_order":0,"comment_status":"open","ping_status":"open","template":"","meta":{"_et_pb_use_builder":"","_et_pb_old_content":"","_et_gb_content_width":"","_themeisle_gutenberg_block_has_review":false,"footnotes":""},"class_list":["post-2458","page","type-page","status-publish","hentry"],"_links":{"self":[{"href":"https:\/\/thelatinacenter.org\/es\/wp-json\/wp\/v2\/pages\/2458","targetHints":{"allow":["GET"]}}],"collection":[{"href":"https:\/\/thelatinacenter.org\/es\/wp-json\/wp\/v2\/pages"}],"about":[{"href":"https:\/\/thelatinacenter.org\/es\/wp-json\/wp\/v2\/types\/page"}],"author":[{"embeddable":true,"href":"https:\/\/thelatinacenter.org\/es\/wp-json\/wp\/v2\/users\/1"}],"replies":[{"embeddable":true,"href":"https:\/\/thelatinacenter.org\/es\/wp-json\/wp\/v2\/comments?post=2458"}],"version-history":[{"count":0,"href":"https:\/\/thelatinacenter.org\/es\/wp-json\/wp\/v2\/pages\/2458\/revisions"}],"wp:attachment":[{"href":"https:\/\/thelatinacenter.org\/es\/wp-json\/wp\/v2\/media?parent=2458"}],"curies":[{"name":"wp","href":"https:\/\/api.w.org\/{rel}","templated":true}]}}