{"id":2464,"date":"2014-09-16T08:43:12","date_gmt":"2014-09-16T08:43:12","guid":{"rendered":"https:\/\/thelatinacenter.org\/programas-2\/"},"modified":"2014-09-16T08:43:12","modified_gmt":"2014-09-16T08:43:12","slug":"programas-2","status":"publish","type":"page","link":"https:\/\/thelatinacenter.org\/es\/programas-2\/","title":{"rendered":"Programas"},"content":{"rendered":"<p>Creemos en nuestra comunidad y en su capacidad para cambiar las cosas. Aqu\u00ed, en el Centro de Latinas, desarrollamos un liderazgo fuerte, persona a persona. Creemos que para construir comunidades fuertes y sanas debemos desarrollar y capacitar a las mujeres inmigrantes para que defiendan sus intereses, los de sus familias y los de su comunidad. El n\u00facleo de todos los programas es un modelo de desarrollo del liderazgo entre iguales que empieza por uno mismo.<\/p>\n<p>El Centro de Latinas capacita a las latinas locales para identificar problemas sanitarios importantes en su comunidad y mejora sus propias capacidades para abordar estos problemas sanitarios con soluciones concretas basadas en los puntos fuertes de sus comunidades. Los programas del Centro para Latinas se ofrecen en espa\u00f1ol e incluyen a mujeres y sus familias de los condados de Alameda y Contra Costa.<\/p>\n<ul>\n<li><a href=\"http:\/\/wp.me\/P4XAH9-2c\"><em>Mujeres, Salud y Liderazgo<\/em> (MSL) \/ Women, Health and Leadership<\/a><\/li>\n<li><a href=\"http:\/\/wp.me\/P4XAH9-2f\"><em>Primero Nuestros Ni\u00f1os<\/em> \/ Our Children First<\/a><\/li>\n<li><a href=\"http:\/\/wp.me\/P4XAH9-2n\"><em>\u00a1Ya Basta! Juntos Terminaremos la Violencia Familiar  <\/em>\/ \u00a1Basta! Juntos podemos acabar con la violencia familiar<\/a><\/li>\n<li><a href=\"http:\/\/wp.me\/P4XAH9-2k\"><em>El Proyecto Incubadora de Richmond, una asociaci\u00f3n para la autosuficiencia econ\u00f3mica<\/em><\/a><\/li>\n<li><a href=\"http:\/\/wp.me\/P4XAH9-2q\">J\u00f3venes latinas, futuras l\u00edderes, un programa de liderazgo y tutor\u00eda para adolescentes latinas<\/a><\/li>\n<li><a href=\"http:\/\/wp.me\/P4XAH9-2t\"><em>VIH: Escucha<\/em> Nuestras <em>Historias<\/em> \/ HIV: Hear Our Stories<\/a><\/li>\n<li><em>C\u00edrculos de Mujeres<\/em> \/ Proyecto C\u00edrculos de Mujeres para la Salud y Sensibilizaci\u00f3n sobre el C\u00e1ncer de Mama<\/li>\n<li><a href=\"http:\/\/wp.me\/P4XAH9-2w\"><em>Latinos, Salud y Liderazgo<\/em> (LSL) \/ Latinos, Health and Leadership<\/a><\/li>\n<li><a href=\"http:\/\/thelatinacenter.org\/integrated-services-for-the-community\/\">Servicios integrados para la comunidad<\/a><\/li>\n<\/ul>\n\n\t\t<style type=\"text\/css\">\n\t\t\t#gallery-1 {\n\t\t\t\tmargin: auto;\n\t\t\t}\n\t\t\t#gallery-1 .gallery-item {\n\t\t\t\tfloat: left;\n\t\t\t\tmargin-top: 10px;\n\t\t\t\ttext-align: center;\n\t\t\t\twidth: 33%;\n\t\t\t}\n\t\t\t#gallery-1 img {\n\t\t\t\tborder: 2px solid #cfcfcf;\n\t\t\t}\n\t\t\t#gallery-1 .gallery-caption {\n\t\t\t\tmargin-left: 0;\n\t\t\t}\n\t\t\t\/* see gallery_shortcode() in wp-includes\/media.php *\/\n\t\t<\/style>\n\t\t<div id='gallery-1' class='gallery galleryid-2464 gallery-columns-3 gallery-size-medium'><dl class='gallery-item'>\n\t\t\t<dt class='gallery-icon portrait'>\n\t\t\t\t<a href='https:\/\/thelatinacenter.org\/es\/programas-2\/fot1-2\/'><img loading=\"lazy\" decoding=\"async\" width=\"225\" height=\"300\" src=\"https:\/\/thelatinacenter.org\/wp-content\/uploads\/2015\/02\/fot1-225x300.jpg\" class=\"attachment-medium size-medium\" alt=\"\" srcset=\"https:\/\/thelatinacenter.org\/wp-content\/uploads\/2015\/02\/fot1-225x300.jpg 225w, https:\/\/thelatinacenter.org\/wp-content\/uploads\/2015\/02\/fot1.jpg 720w\" sizes=\"(max-width: 225px) 100vw, 225px\" \/><\/a>\n\t\t\t<\/dt><\/dl><dl class='gallery-item'>\n\t\t\t<dt class='gallery-icon landscape'>\n\t\t\t\t<a href='https:\/\/thelatinacenter.org\/es\/programas-2\/fot2-2\/'><img loading=\"lazy\" decoding=\"async\" width=\"300\" height=\"225\" src=\"https:\/\/thelatinacenter.org\/wp-content\/uploads\/2015\/02\/fot2-300x225.jpg\" class=\"attachment-medium size-medium\" alt=\"\" srcset=\"https:\/\/thelatinacenter.org\/wp-content\/uploads\/2015\/02\/fot2-300x225.jpg 300w, https:\/\/thelatinacenter.org\/wp-content\/uploads\/2015\/02\/fot2-768x576.jpg 768w, https:\/\/thelatinacenter.org\/wp-content\/uploads\/2015\/02\/fot2.jpg 960w\" sizes=\"(max-width: 300px) 100vw, 300px\" \/><\/a>\n\t\t\t<\/dt><\/dl><dl class='gallery-item'>\n\t\t\t<dt class='gallery-icon landscape'>\n\t\t\t\t<a href='https:\/\/thelatinacenter.org\/es\/programas-2\/fot3-2\/'><img loading=\"lazy\" decoding=\"async\" width=\"300\" height=\"225\" src=\"https:\/\/thelatinacenter.org\/wp-content\/uploads\/2015\/02\/fot3-300x225.jpg\" class=\"attachment-medium size-medium\" alt=\"\" srcset=\"https:\/\/thelatinacenter.org\/wp-content\/uploads\/2015\/02\/fot3-300x225.jpg 300w, https:\/\/thelatinacenter.org\/wp-content\/uploads\/2015\/02\/fot3-768x576.jpg 768w, https:\/\/thelatinacenter.org\/wp-content\/uploads\/2015\/02\/fot3.jpg 960w\" sizes=\"(max-width: 300px) 100vw, 300px\" \/><\/a>\n\t\t\t<\/dt><\/dl><br style=\"clear: both\" \/><dl class='gallery-item'>\n\t\t\t<dt class='gallery-icon landscape'>\n\t\t\t\t<a href='https:\/\/thelatinacenter.org\/es\/programas-2\/fot4-2\/'><img loading=\"lazy\" decoding=\"async\" width=\"300\" height=\"225\" src=\"https:\/\/thelatinacenter.org\/wp-content\/uploads\/2015\/02\/fot4-300x225.jpg\" class=\"attachment-medium size-medium\" alt=\"\" srcset=\"https:\/\/thelatinacenter.org\/wp-content\/uploads\/2015\/02\/fot4-300x225.jpg 300w, https:\/\/thelatinacenter.org\/wp-content\/uploads\/2015\/02\/fot4-768x576.jpg 768w, https:\/\/thelatinacenter.org\/wp-content\/uploads\/2015\/02\/fot4.jpg 960w\" sizes=\"(max-width: 300px) 100vw, 300px\" \/><\/a>\n\t\t\t<\/dt><\/dl><dl class='gallery-item'>\n\t\t\t<dt class='gallery-icon landscape'>\n\t\t\t\t<a href='https:\/\/thelatinacenter.org\/es\/programas-2\/fot5-2\/'><img loading=\"lazy\" decoding=\"async\" width=\"300\" height=\"169\" src=\"https:\/\/thelatinacenter.org\/wp-content\/uploads\/2015\/02\/fot5-300x169.jpg\" class=\"attachment-medium size-medium\" alt=\"\" srcset=\"https:\/\/thelatinacenter.org\/wp-content\/uploads\/2015\/02\/fot5-300x169.jpg 300w, https:\/\/thelatinacenter.org\/wp-content\/uploads\/2015\/02\/fot5-768x432.jpg 768w, https:\/\/thelatinacenter.org\/wp-content\/uploads\/2015\/02\/fot5.jpg 960w\" sizes=\"(max-width: 300px) 100vw, 300px\" \/><\/a>\n\t\t\t<\/dt><\/dl><dl class='gallery-item'>\n\t\t\t<dt class='gallery-icon landscape'>\n\t\t\t\t<a href='https:\/\/thelatinacenter.org\/es\/programas-2\/fot6-2\/'><img loading=\"lazy\" decoding=\"async\" width=\"300\" height=\"225\" src=\"https:\/\/thelatinacenter.org\/wp-content\/uploads\/2015\/02\/fot6-300x225.jpg\" class=\"attachment-medium size-medium\" alt=\"\" srcset=\"https:\/\/thelatinacenter.org\/wp-content\/uploads\/2015\/02\/fot6-300x225.jpg 300w, https:\/\/thelatinacenter.org\/wp-content\/uploads\/2015\/02\/fot6-768x576.jpg 768w, https:\/\/thelatinacenter.org\/wp-content\/uploads\/2015\/02\/fot6.jpg 960w\" sizes=\"(max-width: 300px) 100vw, 300px\" \/><\/a>\n\t\t\t<\/dt><\/dl><br style=\"clear: both\" \/><dl class='gallery-item'>\n\t\t\t<dt class='gallery-icon landscape'>\n\t\t\t\t<a href='https:\/\/thelatinacenter.org\/es\/programas-2\/fot7-2\/'><img loading=\"lazy\" decoding=\"async\" width=\"300\" height=\"200\" src=\"https:\/\/thelatinacenter.org\/wp-content\/uploads\/2015\/02\/fot7-300x200.jpg\" class=\"attachment-medium size-medium\" alt=\"\" srcset=\"https:\/\/thelatinacenter.org\/wp-content\/uploads\/2015\/02\/fot7-300x200.jpg 300w, https:\/\/thelatinacenter.org\/wp-content\/uploads\/2015\/02\/fot7-768x512.jpg 768w, https:\/\/thelatinacenter.org\/wp-content\/uploads\/2015\/02\/fot7.jpg 960w\" sizes=\"(max-width: 300px) 100vw, 300px\" \/><\/a>\n\t\t\t<\/dt><\/dl><dl class='gallery-item'>\n\t\t\t<dt class='gallery-icon landscape'>\n\t\t\t\t<a href='https:\/\/thelatinacenter.org\/es\/programas-2\/fot8-2\/'><img loading=\"lazy\" decoding=\"async\" width=\"300\" height=\"225\" src=\"https:\/\/thelatinacenter.org\/wp-content\/uploads\/2015\/02\/fot8-300x225.jpg\" class=\"attachment-medium size-medium\" alt=\"\" srcset=\"https:\/\/thelatinacenter.org\/wp-content\/uploads\/2015\/02\/fot8-300x225.jpg 300w, https:\/\/thelatinacenter.org\/wp-content\/uploads\/2015\/02\/fot8-768x576.jpg 768w, https:\/\/thelatinacenter.org\/wp-content\/uploads\/2015\/02\/fot8.jpg 960w\" sizes=\"(max-width: 300px) 100vw, 300px\" \/><\/a>\n\t\t\t<\/dt><\/dl><dl class='gallery-item'>\n\t\t\t<dt class='gallery-icon landscape'>\n\t\t\t\t<a href='https:\/\/thelatinacenter.org\/es\/programas-2\/fot9-2\/'><img loading=\"lazy\" decoding=\"async\" width=\"300\" height=\"225\" src=\"https:\/\/thelatinacenter.org\/wp-content\/uploads\/2015\/02\/fot9-300x225.jpg\" class=\"attachment-medium size-medium\" alt=\"\" srcset=\"https:\/\/thelatinacenter.org\/wp-content\/uploads\/2015\/02\/fot9-300x225.jpg 300w, https:\/\/thelatinacenter.org\/wp-content\/uploads\/2015\/02\/fot9-768x576.jpg 768w, https:\/\/thelatinacenter.org\/wp-content\/uploads\/2015\/02\/fot9.jpg 960w\" sizes=\"(max-width: 300px) 100vw, 300px\" \/><\/a>\n\t\t\t<\/dt><\/dl><br style=\"clear: both\" \/><dl class='gallery-item'>\n\t\t\t<dt class='gallery-icon landscape'>\n\t\t\t\t<a href='https:\/\/thelatinacenter.org\/es\/programas-2\/fot10-2\/'><img loading=\"lazy\" decoding=\"async\" width=\"300\" height=\"225\" src=\"https:\/\/thelatinacenter.org\/wp-content\/uploads\/2015\/02\/fot10-300x225.jpg\" class=\"attachment-medium size-medium\" alt=\"\" srcset=\"https:\/\/thelatinacenter.org\/wp-content\/uploads\/2015\/02\/fot10-300x225.jpg 300w, https:\/\/thelatinacenter.org\/wp-content\/uploads\/2015\/02\/fot10-768x576.jpg 768w, https:\/\/thelatinacenter.org\/wp-content\/uploads\/2015\/02\/fot10.jpg 960w\" sizes=\"(max-width: 300px) 100vw, 300px\" \/><\/a>\n\t\t\t<\/dt><\/dl><dl class='gallery-item'>\n\t\t\t<dt class='gallery-icon landscape'>\n\t\t\t\t<a href='https:\/\/thelatinacenter.org\/es\/programas-2\/fot11-2\/'><img loading=\"lazy\" decoding=\"async\" width=\"300\" height=\"225\" src=\"https:\/\/thelatinacenter.org\/wp-content\/uploads\/2015\/02\/fot11-300x225.jpg\" class=\"attachment-medium size-medium\" alt=\"\" srcset=\"https:\/\/thelatinacenter.org\/wp-content\/uploads\/2015\/02\/fot11-300x225.jpg 300w, https:\/\/thelatinacenter.org\/wp-content\/uploads\/2015\/02\/fot11-768x576.jpg 768w, https:\/\/thelatinacenter.org\/wp-content\/uploads\/2015\/02\/fot11.jpg 960w\" sizes=\"(max-width: 300px) 100vw, 300px\" \/><\/a>\n\t\t\t<\/dt><\/dl><dl class='gallery-item'>\n\t\t\t<dt class='gallery-icon landscape'>\n\t\t\t\t<a href='https:\/\/thelatinacenter.org\/es\/programas-2\/fot12-2\/'><img loading=\"lazy\" decoding=\"async\" width=\"300\" height=\"169\" src=\"https:\/\/thelatinacenter.org\/wp-content\/uploads\/2015\/02\/fot12-300x169.jpg\" class=\"attachment-medium size-medium\" alt=\"\" srcset=\"https:\/\/thelatinacenter.org\/wp-content\/uploads\/2015\/02\/fot12-300x169.jpg 300w, https:\/\/thelatinacenter.org\/wp-content\/uploads\/2015\/02\/fot12-768x432.jpg 768w, https:\/\/thelatinacenter.org\/wp-content\/uploads\/2015\/02\/fot12.jpg 960w\" sizes=\"(max-width: 300px) 100vw, 300px\" \/><\/a>\n\t\t\t<\/dt><\/dl><br style=\"clear: both\" \/><dl class='gallery-item'>\n\t\t\t<dt class='gallery-icon landscape'>\n\t\t\t\t<a href='https:\/\/thelatinacenter.org\/es\/programas-2\/fot13-2\/'><img loading=\"lazy\" decoding=\"async\" width=\"300\" height=\"225\" src=\"https:\/\/thelatinacenter.org\/wp-content\/uploads\/2015\/02\/fot13-300x225.jpg\" class=\"attachment-medium size-medium\" alt=\"\" srcset=\"https:\/\/thelatinacenter.org\/wp-content\/uploads\/2015\/02\/fot13-300x225.jpg 300w, https:\/\/thelatinacenter.org\/wp-content\/uploads\/2015\/02\/fot13.jpg 640w\" sizes=\"(max-width: 300px) 100vw, 300px\" \/><\/a>\n\t\t\t<\/dt><\/dl><dl class='gallery-item'>\n\t\t\t<dt class='gallery-icon landscape'>\n\t\t\t\t<a href='https:\/\/thelatinacenter.org\/es\/programas-2\/fot14-2\/'><img loading=\"lazy\" decoding=\"async\" width=\"300\" height=\"180\" src=\"https:\/\/thelatinacenter.org\/wp-content\/uploads\/2015\/02\/fot14-300x180.jpg\" class=\"attachment-medium size-medium\" alt=\"\" srcset=\"https:\/\/thelatinacenter.org\/wp-content\/uploads\/2015\/02\/fot14-300x180.jpg 300w, https:\/\/thelatinacenter.org\/wp-content\/uploads\/2015\/02\/fot14-768x461.jpg 768w, https:\/\/thelatinacenter.org\/wp-content\/uploads\/2015\/02\/fot14.jpg 960w\" sizes=\"(max-width: 300px) 100vw, 300px\" \/><\/a>\n\t\t\t<\/dt><\/dl>\n\t\t\t<br style='clear: both' \/>\n\t\t<\/div>\n\n","protected":false},"excerpt":{"rendered":"<p>Creemos en nuestra comunidad y en su capacidad para cambiar las cosas. Aqu\u00ed, en el Centro de Latinas, desarrollamos un liderazgo fuerte, persona a persona. Creemos que para construir comunidades [&hellip;]<\/p>\n","protected":false},"author":1,"featured_media":0,"parent":0,"menu_order":0,"comment_status":"open","ping_status":"open","template":"","meta":{"_et_pb_use_builder":"","_et_pb_old_content":"","_et_gb_content_width":"","_themeisle_gutenberg_block_has_review":false,"footnotes":""},"class_list":["post-2464","page","type-page","status-publish","hentry"],"_links":{"self":[{"href":"https:\/\/thelatinacenter.org\/es\/wp-json\/wp\/v2\/pages\/2464","targetHints":{"allow":["GET"]}}],"collection":[{"href":"https:\/\/thelatinacenter.org\/es\/wp-json\/wp\/v2\/pages"}],"about":[{"href":"https:\/\/thelatinacenter.org\/es\/wp-json\/wp\/v2\/types\/page"}],"author":[{"embeddable":true,"href":"https:\/\/thelatinacenter.org\/es\/wp-json\/wp\/v2\/users\/1"}],"replies":[{"embeddable":true,"href":"https:\/\/thelatinacenter.org\/es\/wp-json\/wp\/v2\/comments?post=2464"}],"version-history":[{"count":0,"href":"https:\/\/thelatinacenter.org\/es\/wp-json\/wp\/v2\/pages\/2464\/revisions"}],"wp:attachment":[{"href":"https:\/\/thelatinacenter.org\/es\/wp-json\/wp\/v2\/media?parent=2464"}],"curies":[{"name":"wp","href":"https:\/\/api.w.org\/{rel}","templated":true}]}}