{"id":2465,"date":"2022-10-02T20:42:49","date_gmt":"2022-10-02T20:42:49","guid":{"rendered":"https:\/\/thelatinacenter.org\/estamos-en-obras\/"},"modified":"2025-01-31T19:36:40","modified_gmt":"2025-01-31T19:36:40","slug":"estamos-en-obras","status":"publish","type":"page","link":"https:\/\/thelatinacenter.org\/es\/estamos-en-obras\/","title":{"rendered":"\u00a1Estamos en obras!"},"content":{"rendered":"<p>[et_pb_section fb_built=\u00bb1&#8243; admin_label=\u00bbsection\u00bb _builder_version=\u00bb4.16&#8243; global_colors_info=\u00bb{}\u00bb][et_pb_row admin_label=\u00bbfila\u00bb _builder_version=\u00bb4.27.4&#8243; background_size=\u00bbinitial\u00bb background_position=\u00bbtop_left\u00bb background_repeat=\u00bbrepeat\u00bb hover_enabled=\u00bb0&#8243; global_colors_info=\u00bb{}\u00bb custom_padding=\u00bb20px|||||\u00bb sticky_enabled=\u00bb0&#8243;][et_pb_column type=\u00bb4_4&#8243; _builder_version=\u00bb4.27.4&#8243; custom_padding=\u00bb|||\u00bb hover_enabled=\u00bb0&#8243; global_colors_info=\u00bb{}\u00bb custom_padding__hover=\u00bb|||\u00bb background_color=\u00bbRGBA(255,255,255,0)\u00bb sticky_enabled=\u00bb0&#8243;][et_pb_text admin_label=\u00bbText\u00bb _builder_version=\u00bb4.16&#8243; background_size=\u00bbinitial\u00bb background_position=\u00bbtop_left\u00bb background_repeat=\u00bbrepeat\u00bb global_colors_info=\u00bb{}\u00bb]<\/p>\n<p>Bienvenida a The Latina Center. Disculpe las molestias, nuestro sitio web est\u00e1 actualmente en mantenimiento y le agradecemos su paciencia. Si\u00e9ntase libre de navegar normalmente utilizando el men\u00fa de la parte superior de la p\u00e1gina, y le pedimos disculpas por las partes que est\u00e9n incompletas. Si tiene alguna duda, puede ponerse en contacto con nosotros en el correo electr\u00f3nico y el n\u00famero de tel\u00e9fono que figuran a continuaci\u00f3n.<\/p>\n<p class=\"has-text-align-center\">Tel\u00e9fono: (510) 233-8595<br \/>Correo electr\u00f3nico: info@thelatinacenter.org<\/p>\n<p>Bienvenid@s a The Latina Center. Estamos dandole mantenimiento a nuestra pagina web y les agradecemos su paciencia. Sigan navegando la pagina con toda confianza usando el menu en la parte de arriba de esta pagina , y les pedimos perdon antemano por cualquier parte que este incompleta. Por cualquier duda pueden comunicarse con nosotr@s a la direccion y numero escrito arriba.<\/p>\n<p>[\/et_pb_text][\/et_pb_column][\/et_pb_row][\/et_pb_section]<\/p>\n","protected":false},"excerpt":{"rendered":"<p>Bienvenida a The Latina Center. Disculpe las molestias, nuestro sitio web est\u00e1 actualmente en mantenimiento y le agradecemos su paciencia. Si\u00e9ntase libre de navegar normalmente utilizando el men\u00fa de la [&hellip;]<\/p>\n","protected":false},"author":1,"featured_media":0,"parent":0,"menu_order":0,"comment_status":"closed","ping_status":"closed","template":"","meta":{"_et_pb_use_builder":"on","_et_pb_old_content":"","_et_gb_content_width":"","_themeisle_gutenberg_block_has_review":false,"footnotes":""},"class_list":["post-2465","page","type-page","status-publish","hentry"],"_links":{"self":[{"href":"https:\/\/thelatinacenter.org\/es\/wp-json\/wp\/v2\/pages\/2465","targetHints":{"allow":["GET"]}}],"collection":[{"href":"https:\/\/thelatinacenter.org\/es\/wp-json\/wp\/v2\/pages"}],"about":[{"href":"https:\/\/thelatinacenter.org\/es\/wp-json\/wp\/v2\/types\/page"}],"author":[{"embeddable":true,"href":"https:\/\/thelatinacenter.org\/es\/wp-json\/wp\/v2\/users\/1"}],"replies":[{"embeddable":true,"href":"https:\/\/thelatinacenter.org\/es\/wp-json\/wp\/v2\/comments?post=2465"}],"version-history":[{"count":5,"href":"https:\/\/thelatinacenter.org\/es\/wp-json\/wp\/v2\/pages\/2465\/revisions"}],"predecessor-version":[{"id":2963,"href":"https:\/\/thelatinacenter.org\/es\/wp-json\/wp\/v2\/pages\/2465\/revisions\/2963"}],"wp:attachment":[{"href":"https:\/\/thelatinacenter.org\/es\/wp-json\/wp\/v2\/media?parent=2465"}],"curies":[{"name":"wp","href":"https:\/\/api.w.org\/{rel}","templated":true}]}}