{"id":2472,"date":"2014-08-20T16:19:51","date_gmt":"2014-08-20T16:19:51","guid":{"rendered":"https:\/\/thelatinacenter.org\/acerca-de\/"},"modified":"2014-08-20T16:19:51","modified_gmt":"2014-08-20T16:19:51","slug":"acerca-de","status":"publish","type":"page","link":"https:\/\/thelatinacenter.org\/es\/acerca-de\/","title":{"rendered":"Acerca de"},"content":{"rendered":"<p><strong>Mensaje del Director Ejecutivo<\/strong><\/p>\n<p>Durante casi 15 a\u00f1os, The Latina Center se ha dedicado a mejorar la salud f\u00edsica, mental y espiritual de las mujeres latinas y sus familias en el \u00c1rea de la Bah\u00eda, espec\u00edficamente en el oeste del condado de Contra Costa. Es un placer para m\u00ed compartir lo lejos que hemos llegado, <em>c\u00f3mo ha evolucionado la organizaci\u00f3n a lo largo de los a\u00f1os y <\/em> hacia d\u00f3nde, creo, nos dirigimos.<\/p>\n<p><a href=\"https:\/\/thelatinacenter.org\/wp-content\/uploads\/2015\/02\/miriamfoto.jpg\"><img loading=\"lazy\" decoding=\"async\" class=\"alignleft size-medium wp-image-111\" src=\"https:\/\/thelatinacenter.org\/wp-content\/uploads\/2015\/02\/miriamfoto.jpg?w=236\" alt=\"MiriamFoto\" width=\"236\" height=\"300\" srcset=\"https:\/\/thelatinacenter.org\/wp-content\/uploads\/2015\/02\/miriamfoto.jpg 1022w, https:\/\/thelatinacenter.org\/wp-content\/uploads\/2015\/02\/miriamfoto-236x300.jpg 236w, https:\/\/thelatinacenter.org\/wp-content\/uploads\/2015\/02\/miriamfoto-805x1024.jpg 805w, https:\/\/thelatinacenter.org\/wp-content\/uploads\/2015\/02\/miriamfoto-768x977.jpg 768w\" sizes=\"(max-width: 236px) 100vw, 236px\" \/><\/a>En 2000, fund\u00e9 <em>Mujer, Salud y Liderazgo<\/em> (MSL), que significa Mujer, Salud y Liderazgo. Empec\u00e9 a dirigir este programa desde el sal\u00f3n de mi casa, con el fin de reunir a las mujeres latinas para fomentar el apoyo entre iguales y aumentar las oportunidades para las mujeres latinas de nuestra comunidad. Este programa creci\u00f3 hasta convertirse en un programa de un a\u00f1o de desarrollo de liderazgo y servicio a la comunidad y hoy estoy muy orgullosa de decir que \u00a1m\u00e1s de 420 mujeres se han graduado de MSL como L\u00edderes Pares! MSL es una experiencia que cambia la vida y que ha tenido un profundo impacto en las vidas de tantas mujeres que han logrado reconstruir su autoestima, recuperar el orgullo de su identidad como mujeres latinas y restablecer sus sue\u00f1os.<\/p>\n<blockquote><p><em>(Ahora) Soy una mujer m\u00e1s segura de s\u00ed misma. Reconozco mis capacidades y conocimientos, as\u00ed como mis valores, costumbres, cultura y creencias, y he adquirido m\u00e1s respeto por m\u00ed mismo y por los dem\u00e1s.<\/em><\/p>\n<p><em> <\/em>Cita de un l\u00edder paritario.<\/p><\/blockquote>\n<p>La fuerza del Centro de Latinas reside en nuestra capacidad para empoderar a las l\u00edderes latinas como agentes del cambio social. A lo largo de los a\u00f1os, los programas de The Latina Center se han integrado en nuestra comunidad y nuestros L\u00edderes Pares se han convertido en los educadores de nuestra comunidad &#8211; <em>Padres Educadores, Educadoras de Familia, Promotoras de Salud<\/em>. Nuestros programas, como las clases para padres, han aumentado la confianza de los padres en s\u00ed mismos y sus capacidades, han proporcionado v\u00edas de apoyo a las v\u00edctimas de la violencia familiar para que superen los abusos f\u00edsicos y emocionales y construyan nuevas relaciones que les ayuden a seguir adelante con sus vidas, y han ofrecido formaci\u00f3n en peque\u00f1as empresas y acceso a microcr\u00e9ditos para aumentar la autosuficiencia y apoyar los sue\u00f1os de nuestra comunidad de tener peque\u00f1as empresas y microempresas en propiedad.<\/p>\n<p>Los graduados de nuestros programas est\u00e1n integrados en todos los niveles de la organizaci\u00f3n: como personal, voluntarios y miembros de nuestro consejo de administraci\u00f3n. Sabemos que The Latina Center es \u00fanico por lo que nuestra comunidad dice sobre el coraz\u00f3n, la calidez, el amor, la empat\u00eda y el respeto que nuestro personal y voluntarios muestran a la comunidad.<\/p>\n<blockquote><p><em>Cuando la gente viene al Centro Latina, ve que es diferente. El personal tiene coraz\u00f3n y ganas de servir a la comunidad. Aqu\u00ed se puede encontrar una familia que da apoyo, comprensi\u00f3n y amistad sincera.  <\/em><\/p>\n<p>Cita de un miembro del personal<\/p><\/blockquote>\n<p>Estoy muy agradecida a las fundaciones, donantes particulares, empresas privadas y organismos p\u00fablicos que han aportado ayuda econ\u00f3mica y donaciones en especie para apoyar nuestra programaci\u00f3n centrada en la comunidad. Y estoy en deuda con los l\u00edderes comunitarios que se han tomado a pecho la idea de que lo nuestro es realmente \u00abel servicio por encima de uno mismo\u00bb.<\/p>\n<p>Gracias por participar en esta importante labor social.<\/p>\n<p><strong>Miriam Wong<\/strong><br \/>\n<strong>Director Ejecutivo<\/strong><\/p>\n<p><b> <a href=\"https:\/\/www.paypal.com\/cgi-bin\/webscr?cmd=_s-xclick&amp;hosted_button_id=3K3BQNRTYTQ3W\"><img loading=\"lazy\" decoding=\"async\" class=\"aligncenter size-thumbnail wp-image-288\" src=\"https:\/\/thelatinacenter.org\/wp-content\/uploads\/2015\/04\/donate.jpg?w=150\" alt=\"donar\" width=\"150\" height=\"86\" srcset=\"https:\/\/thelatinacenter.org\/wp-content\/uploads\/2015\/04\/donate.jpg 457w, https:\/\/thelatinacenter.org\/wp-content\/uploads\/2015\/04\/donate-300x171.jpg 300w\" sizes=\"(max-width: 150px) 100vw, 150px\" \/><\/a><\/b><\/p>\n","protected":false},"excerpt":{"rendered":"<p>Mensaje del Director Ejecutivo Durante casi 15 a\u00f1os, The Latina Center se ha dedicado a mejorar la salud f\u00edsica, mental y espiritual de las mujeres latinas y sus familias en [&hellip;]<\/p>\n","protected":false},"author":1,"featured_media":0,"parent":0,"menu_order":0,"comment_status":"open","ping_status":"open","template":"","meta":{"_et_pb_use_builder":"off","_et_pb_old_content":"","_et_gb_content_width":"","_themeisle_gutenberg_block_has_review":false,"footnotes":""},"class_list":["post-2472","page","type-page","status-publish","hentry"],"_links":{"self":[{"href":"https:\/\/thelatinacenter.org\/es\/wp-json\/wp\/v2\/pages\/2472","targetHints":{"allow":["GET"]}}],"collection":[{"href":"https:\/\/thelatinacenter.org\/es\/wp-json\/wp\/v2\/pages"}],"about":[{"href":"https:\/\/thelatinacenter.org\/es\/wp-json\/wp\/v2\/types\/page"}],"author":[{"embeddable":true,"href":"https:\/\/thelatinacenter.org\/es\/wp-json\/wp\/v2\/users\/1"}],"replies":[{"embeddable":true,"href":"https:\/\/thelatinacenter.org\/es\/wp-json\/wp\/v2\/comments?post=2472"}],"version-history":[{"count":0,"href":"https:\/\/thelatinacenter.org\/es\/wp-json\/wp\/v2\/pages\/2472\/revisions"}],"wp:attachment":[{"href":"https:\/\/thelatinacenter.org\/es\/wp-json\/wp\/v2\/media?parent=2472"}],"curies":[{"name":"wp","href":"https:\/\/api.w.org\/{rel}","templated":true}]}}