{"id":2474,"date":"2015-04-07T10:46:25","date_gmt":"2015-04-07T10:46:25","guid":{"rendered":"https:\/\/thelatinacenter.org\/historia\/"},"modified":"2015-04-07T10:46:25","modified_gmt":"2015-04-07T10:46:25","slug":"historia","status":"publish","type":"page","link":"https:\/\/thelatinacenter.org\/es\/historia\/","title":{"rendered":"Historia"},"content":{"rendered":"<p>En 1999 con la determinaci\u00f3n de  <strong>Miriam Wong<\/strong>  de replicar el programa a nivel estatal Women&#8217;s Health Leadership en espa\u00f1ol adaptado a nuestra cultura (y con la colaboraci\u00f3n del comit\u00e9 compuesto por: Debbie Arthur, Rocky Schnaath, Maria Lemus, Julie Davidson-G\u00f3mez, Belma Gonz\u00e1lez), Mujeres, Salud y Liderazgo (MSL) recibi\u00f3 el primer apoyo financiero de The Women&#8217;s Foundation. En Julio de 1999 empezo el programa de Liderazgo para Latinas y en espa\u00f1ol fu\u00e9 un suceso por la participacion de 15 Lideres en Capacitaci\u00f3n y 4 Asesoras. Despu\u00e9s de un a\u00f1o pudimos ver los resultados de crecimiento personal y de impacto en la salud y el bienestar de sus familias y comunidad.<\/p>\n<blockquote><p> <em id=\"yui_3_16_0_1_1431397862489_72085\">Participar en el programa de MSL cambi\u00f3 mi vida y mi visi\u00f3n del mundo. Ahora puedo ver m\u00e1s claramente que nunca antes, yo nac\u00ed para servir y ayudar a otros con los dones y capacidades que tengo.  <\/em><em>  &#8211; Testimonio de una de nuestras l\u00edderes &#8211;<br \/>\n<\/em><\/p><\/blockquote>\n<p>Empezando el milenio, <strong>The Latina Center<\/strong> fue incorporada como organizaci\u00f3n no lucrativa en el a\u00f1o 2000. El Centro Para Latinas fue fundado con la convicci\u00f3n de que los l\u00edderes comunitarios, especialmente las mujeres, son aliadas clave a la hora de generar cambios duraderos para mejorar la salud de la comunidad. Para lograr cambios exitosos en la comunidad, se tiene que empezar con estas mujeres y reconocer que ellas pueden influenciar no solamente su propia salud sino tambi\u00e9n la de sus familias y la de la comunidad en general, son l\u00edderes naturales y un componente central en su familia y la comunidad.<\/p>\n","protected":false},"excerpt":{"rendered":"<p>En 1999 con la determinaci\u00f3n de Miriam Wong de replicar el programa a nivel estatal Women&#8217;s Health Leadership en espa\u00f1ol adaptado a nuestra cultura (y con la colaboraci\u00f3n del comit\u00e9 [&hellip;]<\/p>\n","protected":false},"author":1,"featured_media":0,"parent":0,"menu_order":0,"comment_status":"closed","ping_status":"closed","template":"","meta":{"_et_pb_use_builder":"","_et_pb_old_content":"","_et_gb_content_width":"","_themeisle_gutenberg_block_has_review":false,"footnotes":""},"class_list":["post-2474","page","type-page","status-publish","hentry"],"_links":{"self":[{"href":"https:\/\/thelatinacenter.org\/es\/wp-json\/wp\/v2\/pages\/2474","targetHints":{"allow":["GET"]}}],"collection":[{"href":"https:\/\/thelatinacenter.org\/es\/wp-json\/wp\/v2\/pages"}],"about":[{"href":"https:\/\/thelatinacenter.org\/es\/wp-json\/wp\/v2\/types\/page"}],"author":[{"embeddable":true,"href":"https:\/\/thelatinacenter.org\/es\/wp-json\/wp\/v2\/users\/1"}],"replies":[{"embeddable":true,"href":"https:\/\/thelatinacenter.org\/es\/wp-json\/wp\/v2\/comments?post=2474"}],"version-history":[{"count":0,"href":"https:\/\/thelatinacenter.org\/es\/wp-json\/wp\/v2\/pages\/2474\/revisions"}],"wp:attachment":[{"href":"https:\/\/thelatinacenter.org\/es\/wp-json\/wp\/v2\/media?parent=2474"}],"curies":[{"name":"wp","href":"https:\/\/api.w.org\/{rel}","templated":true}]}}