{"id":2476,"date":"2015-05-04T10:48:55","date_gmt":"2015-05-04T10:48:55","guid":{"rendered":"https:\/\/thelatinacenter.org\/servicios-de-integracion-con-la-comunidad\/"},"modified":"2015-05-04T10:48:55","modified_gmt":"2015-05-04T10:48:55","slug":"servicios-de-integracion-con-la-comunidad","status":"publish","type":"page","link":"https:\/\/thelatinacenter.org\/es\/servicios-de-integracion-con-la-comunidad\/","title":{"rendered":"Servicios de Integraci\u00f3n con la Comunidad"},"content":{"rendered":"<ul>\n<li><strong><br \/>\n  <em>Celebrando la Recuperaci\u00f3n<\/em><br \/>\n<\/strong>: Grupo de apoyo que promueve la auto-conciencia de personal siguiendo un modelo de Alcoh\u00f3licos An\u00f3nimos para personas que buscan un crecimiento personal, saneamiento, y restauraci\u00f3n a trav\u00e9s de desarrollar una relaci\u00f3n personal con Dios como la fuente de fortaleza para cambios.<\/li>\n<li><strong><br \/>\n  <em>Consejer\u00eda Legal de Inmigraci\u00f3n<\/em><br \/>\n<\/strong>: Ayuda y asesoramiento en casos migratorios. (\u00danicamente con cita previa)<\/li>\n<li><strong><br \/>\n  <em>Caminos al Apoyo\/Pathway to Support<\/em><br \/>\n<\/strong>: Es un c\u00edrculo de ayuda y educaci\u00f3n que ofrece a las participantes un espacio seguro donde van recuperando su fuerza interior, su autoestima y su voz.<br \/>\nAl compartir las experiencias dolorosas que han vivido empieza el proceso de sanaci\u00f3n<br \/>\nqu\u00e9 tanto necesita la mujer que experimenta violencia dom\u00e9stica y abuso sexual.<br \/>\nCamino al Apoyo ofrece 8 sesiones de dos horas, una vez a la semana<\/li>\n<li><strong><br \/>\n  <em>Referencias a la comunidad<\/em><br \/>\n<\/strong>: Conectar a las personas que lo soliciten, con los recursos comunitarios para que puedan mejorar su calidad de vida.<\/li>\n<\/ul>\n","protected":false},"excerpt":{"rendered":"<p>Celebrando la Recuperaci\u00f3n : Grupo de apoyo que promueve la auto-conciencia de personal siguiendo un modelo de Alcoh\u00f3licos An\u00f3nimos para personas que buscan un crecimiento personal, saneamiento, y restauraci\u00f3n a [&hellip;]<\/p>\n","protected":false},"author":1,"featured_media":0,"parent":0,"menu_order":0,"comment_status":"open","ping_status":"open","template":"","meta":{"_et_pb_use_builder":"","_et_pb_old_content":"","_et_gb_content_width":"","_themeisle_gutenberg_block_has_review":false,"footnotes":""},"class_list":["post-2476","page","type-page","status-publish","hentry"],"_links":{"self":[{"href":"https:\/\/thelatinacenter.org\/es\/wp-json\/wp\/v2\/pages\/2476","targetHints":{"allow":["GET"]}}],"collection":[{"href":"https:\/\/thelatinacenter.org\/es\/wp-json\/wp\/v2\/pages"}],"about":[{"href":"https:\/\/thelatinacenter.org\/es\/wp-json\/wp\/v2\/types\/page"}],"author":[{"embeddable":true,"href":"https:\/\/thelatinacenter.org\/es\/wp-json\/wp\/v2\/users\/1"}],"replies":[{"embeddable":true,"href":"https:\/\/thelatinacenter.org\/es\/wp-json\/wp\/v2\/comments?post=2476"}],"version-history":[{"count":0,"href":"https:\/\/thelatinacenter.org\/es\/wp-json\/wp\/v2\/pages\/2476\/revisions"}],"wp:attachment":[{"href":"https:\/\/thelatinacenter.org\/es\/wp-json\/wp\/v2\/media?parent=2476"}],"curies":[{"name":"wp","href":"https:\/\/api.w.org\/{rel}","templated":true}]}}