{"id":2497,"date":"2024-02-14T19:38:03","date_gmt":"2024-02-14T19:38:03","guid":{"rendered":"https:\/\/thelatinacenter.org\/compras-locales\/"},"modified":"2024-07-02T23:52:47","modified_gmt":"2024-07-02T23:52:47","slug":"compras-locales","status":"publish","type":"page","link":"https:\/\/thelatinacenter.org\/es\/compras-locales\/","title":{"rendered":"Compras locales"},"content":{"rendered":"<p>[et_pb_section fb_built=\u00bb1&#8243; admin_label=\u00bbPage Header\u00bb _builder_version=\u00bb4.25.2&#8243; background_color=\u00bbRGBA(255,255,255,0)\u00bb background_image=\u00bbhttps:\/\/thelatinacenter.org\/wp-content\/uploads\/2024\/02\/ShopNow_Banner_collage_jpg-scaled.jpg\u00bb max_width=\u00bb100%\u00bb max_height=\u00bb337px\u00bb custom_padding=\u00bb67px|0px|67.1875px|0px|false|false\u00bb animation_style=\u00bbzoom\u00bb animation_intensity_zoom=\u00bb4%\u00bb hover_enabled=\u00bb0&#8243; global_colors_info=\u00bb{}\u00bb sticky_enabled=\u00bb0&#8243;][et_pb_row _builder_version=\u00bb4.24.0&#8243; background_color=\u00bbRGBA(255,255,255,0)\u00bb background_size=\u00bbinitial\u00bb background_position=\u00bbtop_left\u00bb background_repeat=\u00bbrepeat\u00bb custom_margin=\u00bb|auto||526px||\u00bb custom_padding=\u00bb0px|||||\u00bb animation_style=\u00bbslide\u00bb animation_direction=\u00bbtop\u00bb animation_intensity_slide=\u00bb3%\u00bb global_colors_info=\u00bb{}\u00bb][et_pb_column type=\u00bb4_4&#8243; _builder_version=\u00bb4.24.0&#8243; background_color=\u00bbRGBA(255,255,255,0)\u00bb custom_padding=\u00bb0px||||false|false\u00bb global_colors_info=\u00bb{}\u00bb custom_padding__hover=\u00bb|||\u00bb][et_pb_text _builder_version=\u00bb4.24.0&#8243; text_font=\u00bb||||||||\u00bb header_font=\u00bbMontserrat|700||on|||||dotted\u00bb header_text_color=\u00bb#353740&#8243; header_font_size=\u00bb63px\u00bb header_line_height=\u00bb1.3em\u00bb background_size=\u00bbinitial\u00bb background_position=\u00bbtop_left\u00bb background_repeat=\u00bbrepeat\u00bb z_index=\u00bb0&#8243; custom_margin=\u00bb||-9px|||\u00bb custom_padding=\u00bb0px||35px||false|false\u00bb animation_style=\u00bbfade\u00bb header_font_size_last_edited=\u00bboff|desktop\u00bb overflow-y_last_edited=\u00bboff|desktop\u00bb header_text_shadow_style=\u00bbpreset1&#8243; locked=\u00bboff\u00bb global_colors_info=\u00bb{}\u00bb]<\/p>\n<h1><span style=\"color: #ffffff;\"><\/span><\/h1>\n<h1><span style=\"color: #ffffff;\"><\/span><\/h1>\n<h1><span style=\"color: #ffffff;\"><\/span><\/h1>\n<h1><span style=\"color: #ffffff;\"><\/span><\/h1>\n<h1><span style=\"color: #ffffff;\"><\/span><\/h1>\n<h1><span style=\"color: #ffffff;\"><\/span><\/h1>\n<h1><span style=\"color: #ffffff;\"><\/span><\/h1>\n<h1><span style=\"color: #ffffff;\"><\/span><\/h1>\n<h1><span style=\"color: #ffffff;\"><\/span><\/h1>\n<h1><span style=\"color: #ffffff;\"><\/span><\/h1>\n<h1><span style=\"color: #ffffff;\"><\/span><\/h1>\n<h1><span style=\"color: #ffffff;\"><\/span><\/h1>\n<h1><span style=\"color: #ffffff;\">Comprar ahora  <\/span><\/h1>\n<p>[\/et_pb_text][et_pb_divider show_divider=\u00bboff\u00bb disabled_on=\u00bbon|on|off\u00bb _builder_version=\u00bb4.19.2&#8243; max_width=\u00bb120px\u00bb animation_style=\u00bbslide\u00bb animation_direction=\u00bbtop\u00bb animation_intensity_slide=\u00bb30%\u00bb global_colors_info=\u00bb{}\u00bb][\/et_pb_divider][\/et_pb_column][\/et_pb_row][\/et_pb_section][et_pb_section fb_built=\u00bb1&#8243; _builder_version=\u00bb4.24.0&#8243; _module_preset=\u00bbdefault\u00bb custom_margin=\u00bb||29px|||\u00bb custom_padding=\u00bb||0px||false|false\u00bb global_colors_info=\u00bb{}\u00bb][et_pb_row _builder_version=\u00bb4.24.0&#8243; _module_preset=\u00bbdefault\u00bb global_colors_info=\u00bb{}\u00bb][et_pb_column type=\u00bb4_4&#8243; _builder_version=\u00bb4.24.0&#8243; _module_preset=\u00bbdefault\u00bb background_color=\u00bbRGBA(255,255,255,0)\u00bb global_colors_info=\u00bb{}\u00bb][et_pb_heading title=\u00bbBuy Locally Today from our Entreprenuers!\u00a0\u00bb _builder_version=\u00bb4.25.2&#8243; _module_preset=\u00bbdefault\u00bb title_font=\u00bb|600|||||||\u00bb background_color=\u00bbRGBA(255,255,255,0)\u00bb hover_enabled=\u00bb0&#8243; global_colors_info=\u00bb{}\u00bb sticky_enabled=\u00bb0&#8243;][\/et_pb_heading][\/et_pb_column][\/et_pb_row][et_pb_row _builder_version=\u00bb4.25.2&#8243; _module_preset=\u00bbdefault\u00bb custom_padding=\u00bb2px|||||\u00bb hover_enabled=\u00bb0&#8243; global_colors_info=\u00bb{}\u00bb sticky_enabled=\u00bb0&#8243;][et_pb_column type=\u00bb4_4&#8243; _builder_version=\u00bb4.24.0&#8243; _module_preset=\u00bbdefault\u00bb background_color=\u00bbRGBA(255,255,255,0)\u00bb global_colors_info=\u00bb{}\u00bb][et_pb_text _builder_version=\u00bb4.25.2&#8243; _module_preset=\u00bbdefault\u00bb custom_margin=\u00bb-20px|||||\u00bb custom_padding=\u00bb23px|||||\u00bb hover_enabled=\u00bb0&#8243; global_colors_info=\u00bb{}\u00bb sticky_enabled=\u00bb0&#8243;]<\/p>\n<p>Le invitamos a comprar en los negocios de los empresarios latinos a los que apoyamos a trav\u00e9s de nuestro Programa de Microempresas. \u00a1Invierte hoy en una peque\u00f1a empresa local del \u00c1rea de la Bah\u00eda!<\/p>\n<p>Explora nuestro <strong>Directorio de Empresarios Latinos 2024<\/strong> a continuaci\u00f3n o descarga una versi\u00f3n PDF en espa\u00f1ol.<\/p>\n<p>[\/et_pb_text][et_pb_button button_text=\u00bb2024 Directorio de Empresarios Latinos\u00bb _builder_version=\u00bb4.25.2&#8243; _module_preset=\u00bbdefault\u00bb theme_builder_area=\u00bbpost_content\u00bb hover_enabled=\u00bb0&#8243; sticky_enabled=\u00bb0&#8243; button_url=\u00bb@ET-DC@eyJkeW5hbWljIjp0cnVlLCJjb250ZW50IjoicG9zdF9saW5rX3VybF9hdHRhY2htZW50Iiwic2V0dGluZ3MiOnsicG9zdF9pZCI6IjI5MTcifX0=@\u00bb _dynamic_attributes=\u00bbbutton_url\u00bb url_new_window=\u00bbon\u00bb custom_button=\u00bbon\u00bb button_text_size=\u00bb19px\u00bb button_bg_color=\u00bb#21c6b3&#8243; button_bg_enable_color=\u00bbon\u00bb button_text_color=\u00bb#FFFFFF\u00bb button_border_color=\u00bbRGBA(255,255,255,0)\u00bb button_font=\u00bb|700|||||||\u00bb button_text_shadow_style=\u00bbpreset1&#8243; button_text_shadow_horizontal_length=\u00bb0.13em\u00bb][\/et_pb_button][\/et_pb_column][\/et_pb_row][\/et_pb_section][et_pb_section fb_built=\u00bb1&#8243; _builder_version=\u00bb4.25.2&#8243; _module_preset=\u00bbdefault\u00bb custom_margin=\u00bb-22px|||||\u00bb custom_padding=\u00bb0px|||||\u00bb hover_enabled=\u00bb0&#8243; global_colors_info=\u00bb{}\u00bb sticky_enabled=\u00bb0&#8243;][et_pb_row _builder_version=\u00bb4.25.2&#8243; _module_preset=\u00bbdefault\u00bb hover_enabled=\u00bb0&#8243; global_colors_info=\u00bb{}\u00bb sticky_enabled=\u00bb0&#8243;][et_pb_column type=\u00bb4_4&#8243; _builder_version=\u00bb4.25.2&#8243; _module_preset=\u00bbdefault\u00bb background_color=\u00bbRGBA(255,255,255,0)\u00bb hover_enabled=\u00bb0&#8243; global_colors_info=\u00bb{}\u00bb sticky_enabled=\u00bb0&#8243;][et_pb_filterable_portfolio fullwidth=\u00bboff\u00bb include_categories=\u00bb32,31,33,35,34&#8243; show_categories=\u00bboff\u00bb _builder_version=\u00bb4.25.2&#8243; _module_preset=\u00bbdefault\u00bb title_font=\u00bb|600|||||||\u00bb title_font_size=\u00bb18px\u00bb background_color=\u00bbrgba(220,208,229,0.66)\u00bb text_orientation=\u00bbcenter\u00bb custom_margin=\u00bb||||false|false\u00bb custom_padding=\u00bb|20px||20px|false|false\u00bb link_option_url_new_window=\u00bbon\u00bb hover_enabled=\u00bb0&#8243; global_colors_info=\u00bb{}\u00bb sticky_enabled=\u00bb0&#8243; title_text=\u00bbIMG_1453&#8243; background_enable_image=\u00bboff\u00bb][\/et_pb_filterable_portfolio][\/et_pb_column][\/et_pb_row][\/et_pb_section]<\/p>\n","protected":false},"excerpt":{"rendered":"<p>Comprar ahora Le invitamos a comprar en los negocios de los empresarios latinos a los que apoyamos a trav\u00e9s de nuestro Programa de Microempresas. \u00a1Invierte hoy en una peque\u00f1a empresa [&hellip;]<\/p>\n","protected":false},"author":1,"featured_media":0,"parent":0,"menu_order":0,"comment_status":"closed","ping_status":"closed","template":"","meta":{"_et_pb_use_builder":"on","_et_pb_old_content":"","_et_gb_content_width":"","_themeisle_gutenberg_block_has_review":false,"footnotes":""},"class_list":["post-2497","page","type-page","status-publish","hentry"],"_links":{"self":[{"href":"https:\/\/thelatinacenter.org\/es\/wp-json\/wp\/v2\/pages\/2497","targetHints":{"allow":["GET"]}}],"collection":[{"href":"https:\/\/thelatinacenter.org\/es\/wp-json\/wp\/v2\/pages"}],"about":[{"href":"https:\/\/thelatinacenter.org\/es\/wp-json\/wp\/v2\/types\/page"}],"author":[{"embeddable":true,"href":"https:\/\/thelatinacenter.org\/es\/wp-json\/wp\/v2\/users\/1"}],"replies":[{"embeddable":true,"href":"https:\/\/thelatinacenter.org\/es\/wp-json\/wp\/v2\/comments?post=2497"}],"version-history":[{"count":6,"href":"https:\/\/thelatinacenter.org\/es\/wp-json\/wp\/v2\/pages\/2497\/revisions"}],"predecessor-version":[{"id":2925,"href":"https:\/\/thelatinacenter.org\/es\/wp-json\/wp\/v2\/pages\/2497\/revisions\/2925"}],"wp:attachment":[{"href":"https:\/\/thelatinacenter.org\/es\/wp-json\/wp\/v2\/media?parent=2497"}],"curies":[{"name":"wp","href":"https:\/\/api.w.org\/{rel}","templated":true}]}}