{"id":2745,"date":"2024-04-09T20:35:18","date_gmt":"2024-04-09T20:35:18","guid":{"rendered":"https:\/\/thelatinacenter.org\/desarrollo-del-liderazgo-2\/"},"modified":"2024-04-09T20:52:57","modified_gmt":"2024-04-09T20:52:57","slug":"desarrollo-del-liderazgo-2","status":"publish","type":"page","link":"https:\/\/thelatinacenter.org\/es\/desarrollo-del-liderazgo-2\/","title":{"rendered":"Desarrollo del Liderazgo"},"content":{"rendered":"<p>[et_pb_section fb_built=\u00bb1&#8243; admin_label=\u00bbPage Header\u00bb _builder_version=\u00bb4.24.3&#8243; background_color=\u00bbRGBA(255,255,255,0)\u00bb background_image=\u00bbhttps:\/\/thelatinacenter.org\/wp-content\/uploads\/2024\/01\/Home_Banner_3_Web.png\u00bb max_width=\u00bb100%\u00bb max_height=\u00bb337px\u00bb custom_padding=\u00bb67px|0px|67.1875px|0px|false|false\u00bb animation_style=\u00bbzoom\u00bb animation_intensity_zoom=\u00bb4%\u00bb hover_enabled=\u00bb0&#8243; global_colors_info=\u00bb{}\u00bb theme_builder_area=\u00bbpost_content\u00bb title_text=\u00bbHome_Banner_3_Web\u00bb sticky_enabled=\u00bb0&#8243;][et_pb_row _builder_version=\u00bb4.24.0&#8243; background_color=\u00bbRGBA(255,255,255,0)\u00bb background_size=\u00bbinitial\u00bb background_position=\u00bbtop_left\u00bb background_repeat=\u00bbrepeat\u00bb custom_margin=\u00bb|auto||526px||\u00bb custom_padding=\u00bb0px|||||\u00bb animation_style=\u00bbslide\u00bb animation_direction=\u00bbtop\u00bb animation_intensity_slide=\u00bb3%\u00bb global_colors_info=\u00bb{}\u00bb theme_builder_area=\u00bbpost_content\u00bb][et_pb_column type=\u00bb4_4&#8243; _builder_version=\u00bb4.24.0&#8243; background_color=\u00bbRGBA(255,255,255,0)\u00bb custom_padding=\u00bb0px||||false|false\u00bb global_colors_info=\u00bb{}\u00bb custom_padding__hover=\u00bb|||\u00bb theme_builder_area=\u00bbpost_content\u00bb][et_pb_text _builder_version=\u00bb4.24.0&#8243; text_font=\u00bb||||||||\u00bb header_font=\u00bbMontserrat|700||on|||||dotted\u00bb header_text_color=\u00bb#353740&#8243; header_font_size=\u00bb63px\u00bb header_line_height=\u00bb1.3em\u00bb background_size=\u00bbinitial\u00bb background_position=\u00bbtop_left\u00bb background_repeat=\u00bbrepeat\u00bb z_index=\u00bb0&#8243; custom_margin=\u00bb||-9px|||\u00bb custom_padding=\u00bb0px||35px||false|false\u00bb animation_style=\u00bbfade\u00bb header_font_size_last_edited=\u00bboff|desktop\u00bb overflow-y_last_edited=\u00bboff|desktop\u00bb header_text_shadow_style=\u00bbpreset1&#8243; locked=\u00bboff\u00bb global_colors_info=\u00bb{}\u00bb theme_builder_area=\u00bbpost_content\u00bb]<\/p>\n<h1><span style=\"color: #ffffff;\"><\/span><\/h1>\n<h1><span style=\"color: #ffffff;\"><\/span><\/h1>\n<h1><span style=\"color: #ffffff;\"><\/span><\/h1>\n<h1><span style=\"color: #ffffff;\"><\/span><\/h1>\n<h1><span style=\"color: #ffffff;\"><\/span><\/h1>\n<h1><span style=\"color: #ffffff;\"><\/span><\/h1>\n<h1><span style=\"color: #ffffff;\"><\/span><\/h1>\n<h1><span style=\"color: #ffffff;\"><\/span><\/h1>\n<h1><span style=\"color: #ffffff;\"><\/span><\/h1>\n<h1><span style=\"color: #ffffff;\"><\/span><\/h1>\n<h1><span style=\"color: #ffffff;\"><\/span><\/h1>\n<h1><span style=\"color: #ffffff;\"><\/span><\/h1>\n<h1><span style=\"color: #ffffff;\">liderazgo Desarrollo  <\/span><\/h1>\n<p>[\/et_pb_text][et_pb_divider show_divider=\u00bboff\u00bb disabled_on=\u00bbon|on|off\u00bb _builder_version=\u00bb4.19.2&#8243; max_width=\u00bb120px\u00bb animation_style=\u00bbslide\u00bb animation_direction=\u00bbtop\u00bb animation_intensity_slide=\u00bb30%\u00bb global_colors_info=\u00bb{}\u00bb theme_builder_area=\u00bbpost_content\u00bb][\/et_pb_divider][\/et_pb_column][\/et_pb_row][\/et_pb_section][et_pb_section fb_built=\u00bb1&#8243; _builder_version=\u00bb4.24.0&#8243; _module_preset=\u00bbdefault\u00bb min_height=\u00bb759.9px\u00bb custom_margin=\u00bb||29px|||\u00bb custom_padding=\u00bb||0px||false|false\u00bb global_colors_info=\u00bb{}\u00bb theme_builder_area=\u00bbpost_content\u00bb][et_pb_row _builder_version=\u00bb4.24.0&#8243; _module_preset=\u00bbdefault\u00bb global_colors_info=\u00bb{}\u00bb theme_builder_area=\u00bbpost_content\u00bb][et_pb_column type=\u00bb4_4&#8243; _builder_version=\u00bb4.24.0&#8243; _module_preset=\u00bbdefault\u00bb background_color=\u00bbRGBA(255,255,255,0)\u00bb global_colors_info=\u00bb{}\u00bb theme_builder_area=\u00bbpost_content\u00bb][et_pb_heading title=\u00bbDesarrollo del Liderazgo\u00bb _builder_version=\u00bb4.24.3&#8243; _module_preset=\u00bbdefault\u00bb title_font=\u00bb|600|||||||\u00bb background_color=\u00bbRGBA(255,255,255,0)\u00bb hover_enabled=\u00bb0&#8243; global_colors_info=\u00bb{}\u00bb theme_builder_area=\u00bbpost_content\u00bb sticky_enabled=\u00bb0&#8243;][\/et_pb_heading][\/et_pb_column][\/et_pb_row][et_pb_row _builder_version=\u00bb4.24.0&#8243; _module_preset=\u00bbdefault\u00bb custom_padding=\u00bb2px|||||\u00bb global_colors_info=\u00bb{}\u00bb theme_builder_area=\u00bbpost_content\u00bb][et_pb_column type=\u00bb4_4&#8243; _builder_version=\u00bb4.24.0&#8243; _module_preset=\u00bbdefault\u00bb background_color=\u00bbRGBA(255,255,255,0)\u00bb global_colors_info=\u00bb{}\u00bb theme_builder_area=\u00bbpost_content\u00bb][et_pb_text _builder_version=\u00bb4.24.0&#8243; _module_preset=\u00bbdefault\u00bb custom_margin=\u00bb-20px|||||\u00bb custom_padding=\u00bb13px|||||\u00bb global_colors_info=\u00bb{}\u00bb theme_builder_area=\u00bbpost_content\u00bb]<\/p>\n<p>Apoyamos el desarrollo del liderazgo y el crecimiento personal de latinas y latinos a trav\u00e9s de tres programas.  <\/p>\n<p>[\/et_pb_text][\/et_pb_column][\/et_pb_row][et_pb_row column_structure=\u00bb1_3,1_3,1_3&#8243; _builder_version=\u00bb4.24.0&#8243; _module_preset=\u00bbdefault\u00bb custom_padding=\u00bb0px||62px|||\u00bb global_colors_info=\u00bb{}\u00bb theme_builder_area=\u00bbpost_content\u00bb][et_pb_column type=\u00bb1_3&#8243; _builder_version=\u00bb4.24.0&#8243; _module_preset=\u00bbdefault\u00bb background_color=\u00bbRGBA(255,255,255,0)\u00bb global_colors_info=\u00bb{}\u00bb theme_builder_area=\u00bbpost_content\u00bb][et_pb_blurb title=\u00bbMujer, Salud y Liderazgo\u00bb image=\u00bbhttps:\/\/thelatinacenter.org\/wp-content\/uploads\/2024\/02\/Web_ImpactNumbers_Web.jpg\u00bb _builder_version=\u00bb4.24.3&#8243; _module_preset=\u00bbdefault\u00bb header_font=\u00bb|700|||||||\u00bb custom_margin=\u00bb||13px|||\u00bb hover_enabled=\u00bb0&#8243; global_colors_info=\u00bb{}\u00bb theme_builder_area=\u00bbpost_content\u00bb title_text=\u00bbWeb_ImpactNumbers_Web\u00bb sticky_enabled=\u00bb0&#8243;]<\/p>\n<p>Este programa de desarrollo del liderazgo, de un a\u00f1o de duraci\u00f3n, valora la salud y la capacitaci\u00f3n de las mujeres latinas. Ofrece apoyo, formaci\u00f3n y la oportunidad de crear un proyecto para mejorar la salud de la comunidad.<\/p>\n<p>[\/et_pb_blurb][et_pb_button button_text=\u00bbSeguir leyendo\u00bb button_alignment=\u00bbcenter\u00bb _builder_version=\u00bb4.24.0&#8243; _module_preset=\u00bbdefault\u00bb custom_button=\u00bbon\u00bb button_text_size=\u00bb18px\u00bb button_text_color=\u00bb#000000&#8243; button_border_width=\u00bb3px\u00bb button_border_radius=\u00bb35px\u00bb button_font=\u00bb|600|||||||\u00bb button_icon_color=\u00bb#000000&#8243; button_on_hover=\u00bboff\u00bb global_colors_info=\u00bb{}\u00bb theme_builder_area=\u00bbpost_content\u00bb][\/et_pb_button][\/et_pb_column][et_pb_column type=\u00bb1_3&#8243; _builder_version=\u00bb4.24.0&#8243; _module_preset=\u00bbdefault\u00bb background_color=\u00bbRGBA(255,255,255,0)\u00bb global_colors_info=\u00bb{}\u00bb theme_builder_area=\u00bbpost_content\u00bb][et_pb_blurb title=\u00bbJ\u00f3venes l\u00edderes latinos del futuro\u00bb image=\u00bbhttps:\/\/thelatinacenter.org\/wp-content\/uploads\/2024\/04\/YLFL-option-300&#215;215.png\u00bb _builder_version=\u00bb4.24.3&#8243; _module_preset=\u00bbdefault\u00bb header_font=\u00bb|700|||||||\u00bb hover_enabled=\u00bb0&#8243; global_colors_info=\u00bb{}\u00bb theme_builder_area=\u00bbpost_content\u00bb title_text=\u00bbYLFL-option\u00bb sticky_enabled=\u00bb0&#8243;]<\/p>\n<p>Este programa apoya a los j\u00f3venes latinos de secundaria y preparatoria mediante el desarrollo del liderazgo, el apoyo entre iguales y la formaci\u00f3n en defensa de los derechos para mejorar la calidad de vida y el \u00e9xito acad\u00e9mico de los estudiantes.<\/p>\n<p>[\/et_pb_blurb][et_pb_button button_text=\u00bbSeguir leyendo\u00bb button_alignment=\u00bbcenter\u00bb _builder_version=\u00bb4.24.0&#8243; _module_preset=\u00bbdefault\u00bb custom_button=\u00bbon\u00bb button_text_size=\u00bb18px\u00bb button_text_color=\u00bb#000000&#8243; button_border_width=\u00bb3px\u00bb button_border_radius=\u00bb35px\u00bb button_font=\u00bb|600|||||||\u00bb button_icon_color=\u00bb#000000&#8243; button_on_hover=\u00bboff\u00bb custom_margin=\u00bb-16px|||||\u00bb global_colors_info=\u00bb{}\u00bb theme_builder_area=\u00bbpost_content\u00bb][\/et_pb_button][\/et_pb_column][et_pb_column type=\u00bb1_3&#8243; _builder_version=\u00bb4.24.0&#8243; _module_preset=\u00bbdefault\u00bb background_color=\u00bbRGBA(255,255,255,0)\u00bb global_colors_info=\u00bb{}\u00bb theme_builder_area=\u00bbpost_content\u00bb][et_pb_blurb title=\u00bbParticipaci\u00f3n y defensa de la comunidad\u00bb image=\u00bbhttps:\/\/thelatinacenter.org\/wp-content\/uploads\/2024\/01\/Home_Banner_3_Web.png\u00bb _builder_version=\u00bb4.24.3&#8243; _module_preset=\u00bbdefault\u00bb header_font=\u00bb|700|||||||\u00bb hover_enabled=\u00bb0&#8243; global_colors_info=\u00bb{}\u00bb theme_builder_area=\u00bbpost_content\u00bb title_text=\u00bbHome_Banner_3_Web\u00bb sticky_enabled=\u00bb0&#8243; header_font_size=\u00bb17px\u00bb]<\/p>\n<p>Este programa ofrece educaci\u00f3n avanzada, formaci\u00f3n y oportunidades de compromiso c\u00edvico.<\/p>\n<p>[\/et_pb_blurb][et_pb_button button_text=\u00bbSeguir leyendo\u00bb button_alignment=\u00bbcenter\u00bb _builder_version=\u00bb4.24.0&#8243; _module_preset=\u00bbdefault\u00bb custom_button=\u00bbon\u00bb button_text_size=\u00bb18px\u00bb button_text_color=\u00bb#000000&#8243; button_border_width=\u00bb3px\u00bb button_border_radius=\u00bb35px\u00bb button_font=\u00bb|600|||||||\u00bb button_icon_color=\u00bb#000000&#8243; button_on_hover=\u00bboff\u00bb custom_margin=\u00bb-16px|||||\u00bb global_colors_info=\u00bb{}\u00bb theme_builder_area=\u00bbpost_content\u00bb][\/et_pb_button][\/et_pb_column][\/et_pb_row][\/et_pb_section]<\/p>\n","protected":false},"excerpt":{"rendered":"<p>liderazgo Desarrollo Apoyamos el desarrollo del liderazgo y el crecimiento personal de latinas y latinos a trav\u00e9s de tres programas. Este programa de desarrollo del liderazgo, de un a\u00f1o de [&hellip;]<\/p>\n","protected":false},"author":1,"featured_media":0,"parent":0,"menu_order":0,"comment_status":"closed","ping_status":"closed","template":"","meta":{"_et_pb_use_builder":"on","_et_pb_old_content":"","_et_gb_content_width":"","_themeisle_gutenberg_block_has_review":false,"footnotes":""},"class_list":["post-2745","page","type-page","status-publish","hentry"],"_links":{"self":[{"href":"https:\/\/thelatinacenter.org\/es\/wp-json\/wp\/v2\/pages\/2745","targetHints":{"allow":["GET"]}}],"collection":[{"href":"https:\/\/thelatinacenter.org\/es\/wp-json\/wp\/v2\/pages"}],"about":[{"href":"https:\/\/thelatinacenter.org\/es\/wp-json\/wp\/v2\/types\/page"}],"author":[{"embeddable":true,"href":"https:\/\/thelatinacenter.org\/es\/wp-json\/wp\/v2\/users\/1"}],"replies":[{"embeddable":true,"href":"https:\/\/thelatinacenter.org\/es\/wp-json\/wp\/v2\/comments?post=2745"}],"version-history":[{"count":18,"href":"https:\/\/thelatinacenter.org\/es\/wp-json\/wp\/v2\/pages\/2745\/revisions"}],"predecessor-version":[{"id":2778,"href":"https:\/\/thelatinacenter.org\/es\/wp-json\/wp\/v2\/pages\/2745\/revisions\/2778"}],"wp:attachment":[{"href":"https:\/\/thelatinacenter.org\/es\/wp-json\/wp\/v2\/media?parent=2745"}],"curies":[{"name":"wp","href":"https:\/\/api.w.org\/{rel}","templated":true}]}}